{"id":197,"date":"2016-01-06T06:03:59","date_gmt":"2016-01-06T06:03:59","guid":{"rendered":"https:\/\/podiatrymiami.net\/podiatry-in-coral-gables\/?lang=es"},"modified":"2019-06-30T14:28:56","modified_gmt":"2019-06-30T14:28:56","slug":"podiatry-in-coral-gables","status":"publish","type":"page","link":"https:\/\/podiatrymiami.net\/es\/","title":{"rendered":"Cirug\u00eda del Pie y Tobillo"},"content":{"rendered":"<p>La doctora <a href=\"https:\/\/podiatrymiami.net\/es\/bios\/dr-mariaines-apolo-d-p-m\/\">MariaInes Apolo D.P.M.<\/a> cree que <em>\u00a1La felicidad comienza con tus pies!<\/em>. La <a href=\"https:\/\/podiatrymiami.net\/es\/bios\/dr-mariaines-apolo-d-p-m\/\">Dra. Apolo<\/a> cree que la gente debe disfrutar\u00a0de una vida activa, f\u00edsica y social. Cualquier lesi\u00f3n o problema en el pie, no s\u00f3lo tiene implicaciones m\u00e9dicas, sino sociales y de estilo de vida. Es por eso su pr\u00e1ctica est\u00e1 orientada no s\u00f3lo a tratar sus pies y\u00a0padecimiento, si no\u00a0al paciente como individuo.<\/p>\n","protected":false},"excerpt":{"rendered":"<p>La doctora MariaInes Apolo D.P.M. cree que \u00a1La felicidad comienza con tus pies!. La Dra. Apolo cree que la gente debe disfrutar\u00a0de una vida activa, f\u00edsica y social. Cualquier lesi\u00f3n o problema en el pie, no s\u00f3lo tiene implicaciones m\u00e9dicas, sino sociales y de estilo de vida. Es por eso su pr\u00e1ctica est\u00e1 orientada no &hellip; <a href=\"https:\/\/podiatrymiami.net\/es\/\" class=\"more-link\">Continuar leyendo<span class=\"screen-reader-text\"> \u00abCirug\u00eda del Pie y Tobillo\u00bb<\/span><\/a><\/p>\n","protected":false},"author":1,"featured_media":944,"parent":0,"menu_order":8,"comment_status":"closed","ping_status":"closed","template":"home-template.php","meta":{"footnotes":""},"class_list":["post-197","page","type-page","status-publish","has-post-thumbnail","hentry"],"yoast_head":"<!-- This site is optimized with the Yoast SEO Premium plugin v26.7 (Yoast SEO v26.7) - https:\/\/yoast.com\/wordpress\/plugins\/seo\/ -->\n<title>Podiatra Dr. de Pie y Tobillo Doctora MariaInes Apolo D.P.M. Doral, Miami<\/title>\n<meta name=\"description\" content=\"La Doctora Apolo Podiatra experta end Pie Diab\u00e9tico tratata: \u00falceras en pie, Fascitis Plantar, Restauraci\u00f3n U\u00f1as Kerflex, Hongos en U\u00f1as y\" \/>\n<meta name=\"robots\" content=\"index, follow, max-snippet:-1, max-image-preview:large, max-video-preview:-1\" \/>\n<link rel=\"canonical\" href=\"https:\/\/podiatrymiami.net\/es\/\" \/>\n<meta property=\"og:locale\" content=\"es_ES\" \/>\n<meta property=\"og:type\" content=\"article\" \/>\n<meta property=\"og:title\" content=\"Cirug\u00eda del Pie y Tobillo\" \/>\n<meta property=\"og:description\" content=\"La Doctora Apolo Podiatra experta end Pie Diab\u00e9tico tratata: \u00falceras en pie, Fascitis Plantar, Restauraci\u00f3n U\u00f1as Kerflex, Hongos en U\u00f1as y\" \/>\n<meta property=\"og:url\" content=\"https:\/\/podiatrymiami.net\/es\/\" \/>\n<meta property=\"og:site_name\" content=\"Podiatric Medicine &amp; Surgery\" \/>\n<meta property=\"article:modified_time\" content=\"2019-06-30T14:28:56+00:00\" \/>\n<meta property=\"og:image\" content=\"https:\/\/podiatrymiami.net\/wp-content\/uploads\/MariaInes-Apolo-DPM-Doral-Miami.png\" \/>\n\t<meta property=\"og:image:width\" content=\"402\" \/>\n\t<meta property=\"og:image:height\" content=\"502\" \/>\n\t<meta property=\"og:image:type\" content=\"image\/png\" \/>\n<meta name=\"twitter:card\" content=\"summary_large_image\" \/>\n<script type=\"application\/ld+json\" class=\"yoast-schema-graph\">{\"@context\":\"https:\/\/schema.org\",\"@graph\":[{\"@type\":\"WebPage\",\"@id\":\"https:\/\/podiatrymiami.net\/es\/\",\"url\":\"https:\/\/podiatrymiami.net\/es\/\",\"name\":\"Podiatra Dr. de Pie y Tobillo Doctora MariaInes Apolo D.P.M. Doral, Miami\",\"isPartOf\":{\"@id\":\"https:\/\/podiatrymiami.net\/es\/#website\"},\"primaryImageOfPage\":{\"@id\":\"https:\/\/podiatrymiami.net\/es\/#primaryimage\"},\"image\":{\"@id\":\"https:\/\/podiatrymiami.net\/es\/#primaryimage\"},\"thumbnailUrl\":\"https:\/\/podiatrymiami.net\/wp-content\/uploads\/MariaInes-Apolo-DPM-Doral-Miami.png\",\"datePublished\":\"2016-01-06T06:03:59+00:00\",\"dateModified\":\"2019-06-30T14:28:56+00:00\",\"description\":\"La Doctora Apolo Podiatra experta end Pie Diab\u00e9tico tratata: \u00falceras en pie, Fascitis Plantar, Restauraci\u00f3n U\u00f1as Kerflex, Hongos en U\u00f1as y\",\"breadcrumb\":{\"@id\":\"https:\/\/podiatrymiami.net\/es\/#breadcrumb\"},\"inLanguage\":\"es\",\"potentialAction\":[{\"@type\":\"ReadAction\",\"target\":[\"https:\/\/podiatrymiami.net\/es\/\"]}]},{\"@type\":\"ImageObject\",\"inLanguage\":\"es\",\"@id\":\"https:\/\/podiatrymiami.net\/es\/#primaryimage\",\"url\":\"https:\/\/podiatrymiami.net\/wp-content\/uploads\/MariaInes-Apolo-DPM-Doral-Miami.png\",\"contentUrl\":\"https:\/\/podiatrymiami.net\/wp-content\/uploads\/MariaInes-Apolo-DPM-Doral-Miami.png\",\"width\":402,\"height\":502,\"caption\":\"MariaInes Apolo D.P.M. Miami\"},{\"@type\":\"BreadcrumbList\",\"@id\":\"https:\/\/podiatrymiami.net\/es\/#breadcrumb\",\"itemListElement\":[{\"@type\":\"ListItem\",\"position\":1,\"name\":\"Home\",\"item\":\"https:\/\/podiatrymiami.net\/es\/\"},{\"@type\":\"ListItem\",\"position\":2,\"name\":\"Cirug\u00eda del Pie y Tobillo\"}]},{\"@type\":\"WebSite\",\"@id\":\"https:\/\/podiatrymiami.net\/es\/#website\",\"url\":\"https:\/\/podiatrymiami.net\/es\/\",\"name\":\"Podiatric Medicine &amp; Surgery\",\"description\":\"MariaInes Apolo, DPM\",\"publisher\":{\"@id\":\"https:\/\/podiatrymiami.net\/es\/#organization\"},\"potentialAction\":[{\"@type\":\"SearchAction\",\"target\":{\"@type\":\"EntryPoint\",\"urlTemplate\":\"https:\/\/podiatrymiami.net\/es\/?s={search_term_string}\"},\"query-input\":{\"@type\":\"PropertyValueSpecification\",\"valueRequired\":true,\"valueName\":\"search_term_string\"}}],\"inLanguage\":\"es\"},{\"@type\":\"Organization\",\"@id\":\"https:\/\/podiatrymiami.net\/es\/#organization\",\"name\":\"MariaInes Apolo D.P.M. | Podiatric Medicine & Surgery\",\"url\":\"https:\/\/podiatrymiami.net\/es\/\",\"logo\":{\"@type\":\"ImageObject\",\"inLanguage\":\"es\",\"@id\":\"https:\/\/podiatrymiami.net\/es\/#\/schema\/logo\/image\/\",\"url\":\"https:\/\/podiatrymiami.net\/wp-content\/uploads\/ines-apolo-dpm-1.png\",\"contentUrl\":\"https:\/\/podiatrymiami.net\/wp-content\/uploads\/ines-apolo-dpm-1.png\",\"width\":587,\"height\":341,\"caption\":\"MariaInes Apolo D.P.M. | Podiatric Medicine & Surgery\"},\"image\":{\"@id\":\"https:\/\/podiatrymiami.net\/es\/#\/schema\/logo\/image\/\"}}]}<\/script>\n<!-- \/ Yoast SEO Premium plugin. -->","yoast_head_json":{"title":"Podiatra Dr. de Pie y Tobillo Doctora MariaInes Apolo D.P.M. Doral, Miami","description":"La Doctora Apolo Podiatra experta end Pie Diab\u00e9tico tratata: \u00falceras en pie, Fascitis Plantar, Restauraci\u00f3n U\u00f1as Kerflex, Hongos en U\u00f1as y","robots":{"index":"index","follow":"follow","max-snippet":"max-snippet:-1","max-image-preview":"max-image-preview:large","max-video-preview":"max-video-preview:-1"},"canonical":"https:\/\/podiatrymiami.net\/es\/","og_locale":"es_ES","og_type":"article","og_title":"Cirug\u00eda del Pie y Tobillo","og_description":"La Doctora Apolo Podiatra experta end Pie Diab\u00e9tico tratata: \u00falceras en pie, Fascitis Plantar, Restauraci\u00f3n U\u00f1as Kerflex, Hongos en U\u00f1as y","og_url":"https:\/\/podiatrymiami.net\/es\/","og_site_name":"Podiatric Medicine &amp; Surgery","article_modified_time":"2019-06-30T14:28:56+00:00","og_image":[{"width":402,"height":502,"url":"https:\/\/podiatrymiami.net\/wp-content\/uploads\/MariaInes-Apolo-DPM-Doral-Miami.png","type":"image\/png"}],"twitter_card":"summary_large_image","schema":{"@context":"https:\/\/schema.org","@graph":[{"@type":"WebPage","@id":"https:\/\/podiatrymiami.net\/es\/","url":"https:\/\/podiatrymiami.net\/es\/","name":"Podiatra Dr. de Pie y Tobillo Doctora MariaInes Apolo D.P.M. Doral, Miami","isPartOf":{"@id":"https:\/\/podiatrymiami.net\/es\/#website"},"primaryImageOfPage":{"@id":"https:\/\/podiatrymiami.net\/es\/#primaryimage"},"image":{"@id":"https:\/\/podiatrymiami.net\/es\/#primaryimage"},"thumbnailUrl":"https:\/\/podiatrymiami.net\/wp-content\/uploads\/MariaInes-Apolo-DPM-Doral-Miami.png","datePublished":"2016-01-06T06:03:59+00:00","dateModified":"2019-06-30T14:28:56+00:00","description":"La Doctora Apolo Podiatra experta end Pie Diab\u00e9tico tratata: \u00falceras en pie, Fascitis Plantar, Restauraci\u00f3n U\u00f1as Kerflex, Hongos en U\u00f1as y","breadcrumb":{"@id":"https:\/\/podiatrymiami.net\/es\/#breadcrumb"},"inLanguage":"es","potentialAction":[{"@type":"ReadAction","target":["https:\/\/podiatrymiami.net\/es\/"]}]},{"@type":"ImageObject","inLanguage":"es","@id":"https:\/\/podiatrymiami.net\/es\/#primaryimage","url":"https:\/\/podiatrymiami.net\/wp-content\/uploads\/MariaInes-Apolo-DPM-Doral-Miami.png","contentUrl":"https:\/\/podiatrymiami.net\/wp-content\/uploads\/MariaInes-Apolo-DPM-Doral-Miami.png","width":402,"height":502,"caption":"MariaInes Apolo D.P.M. Miami"},{"@type":"BreadcrumbList","@id":"https:\/\/podiatrymiami.net\/es\/#breadcrumb","itemListElement":[{"@type":"ListItem","position":1,"name":"Home","item":"https:\/\/podiatrymiami.net\/es\/"},{"@type":"ListItem","position":2,"name":"Cirug\u00eda del Pie y Tobillo"}]},{"@type":"WebSite","@id":"https:\/\/podiatrymiami.net\/es\/#website","url":"https:\/\/podiatrymiami.net\/es\/","name":"Podiatric Medicine &amp; Surgery","description":"MariaInes Apolo, DPM","publisher":{"@id":"https:\/\/podiatrymiami.net\/es\/#organization"},"potentialAction":[{"@type":"SearchAction","target":{"@type":"EntryPoint","urlTemplate":"https:\/\/podiatrymiami.net\/es\/?s={search_term_string}"},"query-input":{"@type":"PropertyValueSpecification","valueRequired":true,"valueName":"search_term_string"}}],"inLanguage":"es"},{"@type":"Organization","@id":"https:\/\/podiatrymiami.net\/es\/#organization","name":"MariaInes Apolo D.P.M. | Podiatric Medicine & Surgery","url":"https:\/\/podiatrymiami.net\/es\/","logo":{"@type":"ImageObject","inLanguage":"es","@id":"https:\/\/podiatrymiami.net\/es\/#\/schema\/logo\/image\/","url":"https:\/\/podiatrymiami.net\/wp-content\/uploads\/ines-apolo-dpm-1.png","contentUrl":"https:\/\/podiatrymiami.net\/wp-content\/uploads\/ines-apolo-dpm-1.png","width":587,"height":341,"caption":"MariaInes Apolo D.P.M. | Podiatric Medicine & Surgery"},"image":{"@id":"https:\/\/podiatrymiami.net\/es\/#\/schema\/logo\/image\/"}}]}},"_links":{"self":[{"href":"https:\/\/podiatrymiami.net\/es\/wp-json\/wp\/v2\/pages\/197","targetHints":{"allow":["GET"]}}],"collection":[{"href":"https:\/\/podiatrymiami.net\/es\/wp-json\/wp\/v2\/pages"}],"about":[{"href":"https:\/\/podiatrymiami.net\/es\/wp-json\/wp\/v2\/types\/page"}],"author":[{"embeddable":true,"href":"https:\/\/podiatrymiami.net\/es\/wp-json\/wp\/v2\/users\/1"}],"replies":[{"embeddable":true,"href":"https:\/\/podiatrymiami.net\/es\/wp-json\/wp\/v2\/comments?post=197"}],"version-history":[{"count":23,"href":"https:\/\/podiatrymiami.net\/es\/wp-json\/wp\/v2\/pages\/197\/revisions"}],"predecessor-version":[{"id":950,"href":"https:\/\/podiatrymiami.net\/es\/wp-json\/wp\/v2\/pages\/197\/revisions\/950"}],"wp:featuredmedia":[{"embeddable":true,"href":"https:\/\/podiatrymiami.net\/es\/wp-json\/wp\/v2\/media\/944"}],"wp:attachment":[{"href":"https:\/\/podiatrymiami.net\/es\/wp-json\/wp\/v2\/media?parent=197"}],"curies":[{"name":"wp","href":"https:\/\/api.w.org\/{rel}","templated":true}]}}