{"id":206,"date":"2016-01-06T06:28:39","date_gmt":"2016-01-06T06:28:39","guid":{"rendered":"https:\/\/podiatrymiami.net\/our-practice\/?lang=es"},"modified":"2025-01-19T02:52:20","modified_gmt":"2025-01-19T02:52:20","slug":"podiatry-coral-gables","status":"publish","type":"page","link":"https:\/\/podiatrymiami.net\/es\/podiatry-coral-gables\/","title":{"rendered":"Pr\u00e1ctica podol\u00f3gica"},"content":{"rendered":"<p style=\"text-align: justify;\">La <a href=\"https:\/\/podiatrymiami.net\/bios\/dr-mariaines-apolo-dpm\/\">Dra. MariaInes Apolo<\/a> ha estado proporcionando atenci\u00f3n podol\u00f3gica a pacientes en el sur de la Florida desde 2006. Ofrece consultas y diagn\u00f3sticos completos para <a href=\"\/podiatry_services\/foot-ankle-fracture-care-miami\/\">el dolor de pie y tobillo<\/a>, <a href=\"\/podiatry-treatments-miami\/\">lesiones deportivas<\/a>, <a href=\"\/podiatry_services\/diabetic-foot-care-coral-gales\/\">cuidado del pie diab\u00e9tico<\/a>, <a>cuidado de heridas<\/a>, <a href=\"\/podiatry_services\/arthritic-foot-ankle-care-miami\/\">artritis del pie y tobillo<\/a>, <a href=\"\/podiatry_services\/children-foot-care-miami\/\">pediatr\u00eda cuidado del pie<\/a> y <a href=\"\/podiatry-treatments-miami\/\">m\u00e1s<\/a>.<\/p>\n<p style=\"text-align: justify;\">Los pacientes pueden esperar programas y reg\u00edmenes de tratamiento altamente personalizados que tienen como objetivo tratar cada afecci\u00f3n del pie o del tobillo, asegur\u00e1ndose al mismo tiempo de que la vida del paciente se vea afectada lo menos posible.<\/p>\n<p style=\"text-align: justify;\">Los tratamientos incluyen desde <a class=\"\" href=\"\/podiatry_services\/platelet-rich-plasma-prp-coral-gables\/\">Plasma Rico en Plaquetas (PRP)<\/a> para estimular la cicatrizaci\u00f3n de huesos y tejidos blandos hasta <a class=\"\" href=\"\/podiatry_services\/kerflex-nail-restoration-treatment-miami\/\">Keryflex Nail Restoration<\/a> para ayudar est\u00e9ticamente a la restauraci\u00f3n de sus u\u00f1as.<\/p>\n<p style=\"text-align: justify;\">Como <a href=\"https:\/\/podiatrymiami.net\/bios\/dr-mariaines-apolo-dpm\/\">el Dr. Apolo<\/a> se centra en proporcionar un enfoque hol\u00edstico, los servicios incluyen:<\/p>\n<ul class=\"ul-page\" style=\"text-align: justify;\">\n<li>Consulta completa de sus pies y la mejor manera de cuidarlos<\/li>\n<li>Atenci\u00f3n integral de los trastornos del pie y el tobillo<\/li>\n<li>Tratamiento de infecciones dermatol\u00f3gicas y f\u00fangicas<\/li>\n<li>Tratamiento diab\u00e9tico y planificaci\u00f3n continua<\/li>\n<li>Cuidado de heridas leves a extensas<\/li>\n<li>Consultas en la oficina y fuera de ella<\/li>\n<\/ul>\n<p style=\"text-align: justify;\">Para pacientes con trastornos graves de pie y tobillo, los servicios incluyen:<\/p>\n<ul class=\"ul-page\" style=\"text-align: justify;\">\n<li>En primer lugar, proporcionar una comprensi\u00f3n exhaustiva de la causa ra\u00edz.<\/li>\n<li><sup>Primera<\/sup> y<sup>segunda<\/sup> opini\u00f3n<\/li>\n<li>Establecer el camino correcto para lograr el \u00e9xito a largo plazo para la mejor calidad de vida<\/li>\n<\/ul>\n<p style=\"text-align: justify;\">El objetivo no es asustarte con cientos de im\u00e1genes o listas de dolencias, sino simplific\u00e1rtelo. Si usted tiene alguna pregunta, dolor o simplemente no est\u00e1 seguro. <a href=\"tel:3054593970\">Llame<\/a> o programe una <a href=\"https:\/\/podiatrymiami.net\/request-an-appointment\/\">cita en l\u00ednea<\/a> hoy para todas sus necesidades de cuidado de pies y tobillos.<\/p>\n","protected":false},"excerpt":{"rendered":"<p>La Dra. MariaInes Apolo ha estado proporcionando atenci\u00f3n podol\u00f3gica a pacientes en el sur de la Florida desde 2006. Ofrece consultas y diagn\u00f3sticos completos para el dolor de pie y tobillo, lesiones deportivas, cuidado del pie diab\u00e9tico, cuidado de heridas, artritis del pie y tobillo, pediatr\u00eda cuidado del pie y m\u00e1s. Los pacientes pueden esperar &hellip; <a href=\"https:\/\/podiatrymiami.net\/es\/podiatry-coral-gables\/\" class=\"more-link\">Continuar leyendo<span class=\"screen-reader-text\"> \u00abPr\u00e1ctica podol\u00f3gica\u00bb<\/span><\/a><\/p>\n","protected":false},"author":1,"featured_media":0,"parent":0,"menu_order":5,"comment_status":"closed","ping_status":"closed","template":"our-practice.php","meta":{"footnotes":""},"class_list":["post-206","page","type-page","status-publish","hentry"],"yoast_head":"<!-- This site is optimized with the Yoast SEO Premium plugin v26.7 (Yoast SEO v26.7) - https:\/\/yoast.com\/wordpress\/plugins\/seo\/ -->\n<title>Pr\u00e1ctica podol\u00f3gica Miami Cuidado del tobillo y pie diab\u00e9tico Dra. In\u00e9s Apolo<\/title>\n<meta name=\"description\" content=\"El pod\u00f3logo Dr. Apolo ofrece tratamientos para: cuidado del tobillo, cuidado del pie diab\u00e9tico, lesiones deportivas, cuidado de heridas, artritis, Plasma Rico en Plaquetas PRP.\" \/>\n<meta name=\"robots\" content=\"index, follow, max-snippet:-1, max-image-preview:large, max-video-preview:-1\" \/>\n<link rel=\"canonical\" href=\"https:\/\/podiatrymiami.net\/es\/podiatry-coral-gables\/\" \/>\n<meta property=\"og:locale\" content=\"es_ES\" \/>\n<meta property=\"og:type\" content=\"article\" \/>\n<meta property=\"og:title\" content=\"Pr\u00e1ctica podol\u00f3gica\" \/>\n<meta property=\"og:description\" content=\"El pod\u00f3logo Dr. Apolo ofrece tratamientos para: cuidado del tobillo, cuidado del pie diab\u00e9tico, lesiones deportivas, cuidado de heridas, artritis, Plasma Rico en Plaquetas PRP.\" \/>\n<meta property=\"og:url\" content=\"https:\/\/podiatrymiami.net\/es\/podiatry-coral-gables\/\" \/>\n<meta property=\"og:site_name\" content=\"Podiatric Medicine &amp; Surgery\" \/>\n<meta property=\"article:modified_time\" content=\"2025-01-19T02:52:20+00:00\" \/>\n<meta name=\"twitter:card\" content=\"summary_large_image\" \/>\n<meta name=\"twitter:label1\" content=\"Tiempo de lectura\" \/>\n\t<meta name=\"twitter:data1\" content=\"1 minuto\" \/>\n<script type=\"application\/ld+json\" class=\"yoast-schema-graph\">{\"@context\":\"https:\/\/schema.org\",\"@graph\":[{\"@type\":\"WebPage\",\"@id\":\"https:\/\/podiatrymiami.net\/es\/podiatry-coral-gables\/\",\"url\":\"https:\/\/podiatrymiami.net\/es\/podiatry-coral-gables\/\",\"name\":\"Pr\u00e1ctica podol\u00f3gica Miami Cuidado del tobillo y pie diab\u00e9tico Dra. In\u00e9s Apolo\",\"isPartOf\":{\"@id\":\"https:\/\/podiatrymiami.net\/es\/#website\"},\"datePublished\":\"2016-01-06T06:28:39+00:00\",\"dateModified\":\"2025-01-19T02:52:20+00:00\",\"description\":\"El pod\u00f3logo Dr. Apolo ofrece tratamientos para: cuidado del tobillo, cuidado del pie diab\u00e9tico, lesiones deportivas, cuidado de heridas, artritis, Plasma Rico en Plaquetas PRP.\",\"breadcrumb\":{\"@id\":\"https:\/\/podiatrymiami.net\/es\/podiatry-coral-gables\/#breadcrumb\"},\"inLanguage\":\"es\",\"potentialAction\":[{\"@type\":\"ReadAction\",\"target\":[\"https:\/\/podiatrymiami.net\/es\/podiatry-coral-gables\/\"]}]},{\"@type\":\"BreadcrumbList\",\"@id\":\"https:\/\/podiatrymiami.net\/es\/podiatry-coral-gables\/#breadcrumb\",\"itemListElement\":[{\"@type\":\"ListItem\",\"position\":1,\"name\":\"Home\",\"item\":\"https:\/\/podiatrymiami.net\/es\/\"},{\"@type\":\"ListItem\",\"position\":2,\"name\":\"Pr\u00e1ctica podol\u00f3gica\"}]},{\"@type\":\"WebSite\",\"@id\":\"https:\/\/podiatrymiami.net\/es\/#website\",\"url\":\"https:\/\/podiatrymiami.net\/es\/\",\"name\":\"Podiatric Medicine &amp; Surgery\",\"description\":\"MariaInes Apolo, DPM\",\"publisher\":{\"@id\":\"https:\/\/podiatrymiami.net\/es\/#organization\"},\"potentialAction\":[{\"@type\":\"SearchAction\",\"target\":{\"@type\":\"EntryPoint\",\"urlTemplate\":\"https:\/\/podiatrymiami.net\/es\/?s={search_term_string}\"},\"query-input\":{\"@type\":\"PropertyValueSpecification\",\"valueRequired\":true,\"valueName\":\"search_term_string\"}}],\"inLanguage\":\"es\"},{\"@type\":\"Organization\",\"@id\":\"https:\/\/podiatrymiami.net\/es\/#organization\",\"name\":\"MariaInes Apolo D.P.M. | Podiatric Medicine & Surgery\",\"url\":\"https:\/\/podiatrymiami.net\/es\/\",\"logo\":{\"@type\":\"ImageObject\",\"inLanguage\":\"es\",\"@id\":\"https:\/\/podiatrymiami.net\/es\/#\/schema\/logo\/image\/\",\"url\":\"https:\/\/podiatrymiami.net\/wp-content\/uploads\/ines-apolo-dpm-1.png\",\"contentUrl\":\"https:\/\/podiatrymiami.net\/wp-content\/uploads\/ines-apolo-dpm-1.png\",\"width\":587,\"height\":341,\"caption\":\"MariaInes Apolo D.P.M. | Podiatric Medicine & Surgery\"},\"image\":{\"@id\":\"https:\/\/podiatrymiami.net\/es\/#\/schema\/logo\/image\/\"}}]}<\/script>\n<!-- \/ Yoast SEO Premium plugin. -->","yoast_head_json":{"title":"Pr\u00e1ctica podol\u00f3gica Miami Cuidado del tobillo y pie diab\u00e9tico Dra. In\u00e9s Apolo","description":"El pod\u00f3logo Dr. Apolo ofrece tratamientos para: cuidado del tobillo, cuidado del pie diab\u00e9tico, lesiones deportivas, cuidado de heridas, artritis, Plasma Rico en Plaquetas PRP.","robots":{"index":"index","follow":"follow","max-snippet":"max-snippet:-1","max-image-preview":"max-image-preview:large","max-video-preview":"max-video-preview:-1"},"canonical":"https:\/\/podiatrymiami.net\/es\/podiatry-coral-gables\/","og_locale":"es_ES","og_type":"article","og_title":"Pr\u00e1ctica podol\u00f3gica","og_description":"El pod\u00f3logo Dr. Apolo ofrece tratamientos para: cuidado del tobillo, cuidado del pie diab\u00e9tico, lesiones deportivas, cuidado de heridas, artritis, Plasma Rico en Plaquetas PRP.","og_url":"https:\/\/podiatrymiami.net\/es\/podiatry-coral-gables\/","og_site_name":"Podiatric Medicine &amp; Surgery","article_modified_time":"2025-01-19T02:52:20+00:00","twitter_card":"summary_large_image","twitter_misc":{"Tiempo de lectura":"1 minuto"},"schema":{"@context":"https:\/\/schema.org","@graph":[{"@type":"WebPage","@id":"https:\/\/podiatrymiami.net\/es\/podiatry-coral-gables\/","url":"https:\/\/podiatrymiami.net\/es\/podiatry-coral-gables\/","name":"Pr\u00e1ctica podol\u00f3gica Miami Cuidado del tobillo y pie diab\u00e9tico Dra. In\u00e9s Apolo","isPartOf":{"@id":"https:\/\/podiatrymiami.net\/es\/#website"},"datePublished":"2016-01-06T06:28:39+00:00","dateModified":"2025-01-19T02:52:20+00:00","description":"El pod\u00f3logo Dr. Apolo ofrece tratamientos para: cuidado del tobillo, cuidado del pie diab\u00e9tico, lesiones deportivas, cuidado de heridas, artritis, Plasma Rico en Plaquetas PRP.","breadcrumb":{"@id":"https:\/\/podiatrymiami.net\/es\/podiatry-coral-gables\/#breadcrumb"},"inLanguage":"es","potentialAction":[{"@type":"ReadAction","target":["https:\/\/podiatrymiami.net\/es\/podiatry-coral-gables\/"]}]},{"@type":"BreadcrumbList","@id":"https:\/\/podiatrymiami.net\/es\/podiatry-coral-gables\/#breadcrumb","itemListElement":[{"@type":"ListItem","position":1,"name":"Home","item":"https:\/\/podiatrymiami.net\/es\/"},{"@type":"ListItem","position":2,"name":"Pr\u00e1ctica podol\u00f3gica"}]},{"@type":"WebSite","@id":"https:\/\/podiatrymiami.net\/es\/#website","url":"https:\/\/podiatrymiami.net\/es\/","name":"Podiatric Medicine &amp; Surgery","description":"MariaInes Apolo, DPM","publisher":{"@id":"https:\/\/podiatrymiami.net\/es\/#organization"},"potentialAction":[{"@type":"SearchAction","target":{"@type":"EntryPoint","urlTemplate":"https:\/\/podiatrymiami.net\/es\/?s={search_term_string}"},"query-input":{"@type":"PropertyValueSpecification","valueRequired":true,"valueName":"search_term_string"}}],"inLanguage":"es"},{"@type":"Organization","@id":"https:\/\/podiatrymiami.net\/es\/#organization","name":"MariaInes Apolo D.P.M. | Podiatric Medicine & Surgery","url":"https:\/\/podiatrymiami.net\/es\/","logo":{"@type":"ImageObject","inLanguage":"es","@id":"https:\/\/podiatrymiami.net\/es\/#\/schema\/logo\/image\/","url":"https:\/\/podiatrymiami.net\/wp-content\/uploads\/ines-apolo-dpm-1.png","contentUrl":"https:\/\/podiatrymiami.net\/wp-content\/uploads\/ines-apolo-dpm-1.png","width":587,"height":341,"caption":"MariaInes Apolo D.P.M. | Podiatric Medicine & Surgery"},"image":{"@id":"https:\/\/podiatrymiami.net\/es\/#\/schema\/logo\/image\/"}}]}},"_links":{"self":[{"href":"https:\/\/podiatrymiami.net\/es\/wp-json\/wp\/v2\/pages\/206","targetHints":{"allow":["GET"]}}],"collection":[{"href":"https:\/\/podiatrymiami.net\/es\/wp-json\/wp\/v2\/pages"}],"about":[{"href":"https:\/\/podiatrymiami.net\/es\/wp-json\/wp\/v2\/types\/page"}],"author":[{"embeddable":true,"href":"https:\/\/podiatrymiami.net\/es\/wp-json\/wp\/v2\/users\/1"}],"replies":[{"embeddable":true,"href":"https:\/\/podiatrymiami.net\/es\/wp-json\/wp\/v2\/comments?post=206"}],"version-history":[{"count":37,"href":"https:\/\/podiatrymiami.net\/es\/wp-json\/wp\/v2\/pages\/206\/revisions"}],"predecessor-version":[{"id":1084,"href":"https:\/\/podiatrymiami.net\/es\/wp-json\/wp\/v2\/pages\/206\/revisions\/1084"}],"wp:attachment":[{"href":"https:\/\/podiatrymiami.net\/es\/wp-json\/wp\/v2\/media?parent=206"}],"curies":[{"name":"wp","href":"https:\/\/api.w.org\/{rel}","templated":true}]}}