{"id":224,"date":"2016-01-22T22:09:18","date_gmt":"2016-01-22T22:09:18","guid":{"rendered":"https:\/\/podiatrymiami.net\/?page_id=224&#038;lang=es"},"modified":"2023-12-30T22:13:56","modified_gmt":"2023-12-30T22:13:56","slug":"contact-apolo-dpm","status":"publish","type":"page","link":"https:\/\/podiatrymiami.net\/es\/contact-apolo-dpm\/","title":{"rendered":"MariaInes Apolo D.P.M. | Medicina y Cirug\u00eda Podi\u00e1trica, Miami"},"content":{"rendered":"<div class=\"contact-info\">\n<ul>\n<li><label><i class=\"fa fa-building\"><\/i> Direcci\u00f3n<\/label><br \/>\n<a href=\"https:\/\/goo.gl\/maps\/ecNtH1n59RUzYmHm7\" target=\"_blank\" rel=\"noopener noreferrer\">8339 NW 12 Street,<br \/>\nDoral, Florida 33126<\/a><\/li>\n<li><label><i class=\"fa fa-phone\"><\/i> Tel\u00e9fono<\/label><br \/>\n<a href=\"tel:3054593970\">(305) 459-3970<\/a><\/li>\n<li><label><i class=\"fa fa-fax\"><\/i> Fax <\/label><br \/>\n<a href=\"tel:3054593971\">(305) 459-3971<\/a><\/li>\n<li><label><i class=\"fa fa-envelope\"><\/i> correo electr\u00f3nico<\/label><br \/>\n<a href=\"mailto:info@podiatrymiami.net\">info@podiatrymiami.net<\/a><\/li>\n<\/ul>\n<\/div>\n<div class=\"contact-main\">\n<div class=\"contact-map contact-f\"><iframe loading=\"lazy\" style=\"border: 0;\" src=\"https:\/\/www.google.com\/maps\/embed?pb=!1m18!1m12!1m3!1d3592.611522143402!2d-80.33334088497857!3d25.78339208362695!2m3!1f0!2f0!3f0!3m2!1i1024!2i768!4f13.1!3m3!1m2!1s0x88d9b6ee42cdf633%3A0xbb7f4763b716a320!2sMariaInes%20Apolo%20D.P.M.!5e0!3m2!1sen!2sus!4v1669210580046!5m2!1sen!2sus\" width=\"600\" height=\"700\" allowfullscreen=\"allowfullscreen\"><span data-mce-type=\"bookmark\" style=\"display: inline-block; width: 0px; overflow: hidden; line-height: 0;\" class=\"mce_SELRES_start\"><\/span><\/iframe>&gt;<\/div>\n<div class=\"contact-form contact-f\">\n<h4>Rellene el siguiente formulario<\/h4>\n<p><span class=\"address\">Para enviar un mensaje, rellene el siguiente formulario y uno de nuestros representantes se pondr\u00e1 en contacto con usted.<\/span><br \/>\n<div class='fluentform ff-default fluentform_wrapper_1 ffs_default_wrap'><form data-form_id=\"1\" id=\"fluentform_1\" class=\"frm-fluent-form fluent_form_1 ff-el-form-top ff_form_instance_1_1 ff-form-loading ffs_default\" data-form_instance=\"ff_form_instance_1_1\" method=\"POST\" ><fieldset  style=\"border: none!important;margin: 0!important;padding: 0!important;background-color: transparent!important;box-shadow: none!important;outline: none!important; min-inline-size: 100%;\">\n                    <legend class=\"ff_screen_reader_title\" style=\"display: block; margin: 0!important;padding: 0!important;height: 0!important;text-indent: -999999px;width: 0!important;overflow:hidden;\">Request an Appointment<\/legend><p style=\"display: none !important;\" class=\"akismet-fields-container\" data-prefix=\"ak_\"><label>&#916;<textarea name=\"ak_hp_textarea\" cols=\"45\" rows=\"8\" maxlength=\"100\"><\/textarea><\/label><input type=\"hidden\" id=\"ak_js_1\" name=\"ak_js\" value=\"69\"\/><script>document.getElementById( \"ak_js_1\" ).setAttribute( \"value\", ( new Date() ).getTime() );<\/script><\/p><input type='hidden' name='__fluent_form_embded_post_id' value='224' \/><input type=\"hidden\" id=\"_fluentform_1_fluentformnonce\" name=\"_fluentform_1_fluentformnonce\" value=\"806991ff4c\" \/><input type=\"hidden\" name=\"_wp_http_referer\" value=\"\/es\/wp-json\/wp\/v2\/pages\/224\" \/><div class='ff-el-group  ff-custom_html' tabindex='-1' data-name=\"custom_html-1_1\" ><h4 style=\"text-align: center\">Requests an Appointment<\/h4>\n<p>Complete the form below to request an appointment, once we receive your requests one of our staff members will contact you to confirm date and time.<\/p><\/div><div data-type=\"name-element\" data-name=\"names\" class=\" ff-field_container ff-name-field-wrapper\" ><div class='ff-t-container'><div class='ff-t-cell '><div class='ff-el-group  ff-el-form-hide_label'><div class=\"ff-el-input--label ff-el-is-required asterisk-right\"><label for='ff_1_names_first_name_' id='label_ff_1_names_first_name_' >First Name<\/label><\/div><div class='ff-el-input--content'><input type=\"text\" name=\"names[first_name]\" id=\"ff_1_names_first_name_\" class=\"ff-el-form-control\" placeholder=\"First Name\" aria-invalid=\"false\" aria-required=true><\/div><\/div><\/div><div class='ff-t-cell '><div class='ff-el-group  ff-el-form-hide_label'><div class=\"ff-el-input--label ff-el-is-required asterisk-right\"><label for='ff_1_names_last_name_' id='label_ff_1_names_last_name_' >Last Name<\/label><\/div><div class='ff-el-input--content'><input type=\"text\" name=\"names[last_name]\" id=\"ff_1_names_last_name_\" class=\"ff-el-form-control\" placeholder=\"Last Name\" aria-invalid=\"false\" aria-required=true><\/div><\/div><\/div><\/div><\/div><div class='ff-el-group ff-el-form-hide_label'><div class=\"ff-el-input--label ff-el-is-required asterisk-right\"><label for='ff_1_email' id='label_ff_1_email' aria-label=\"Email\">Email<\/label><\/div><div class='ff-el-input--content'><input type=\"email\" name=\"email\" id=\"ff_1_email\" class=\"ff-el-form-control\" placeholder=\"e-mail\" data-name=\"email\"  aria-invalid=\"false\" aria-required=true><\/div><\/div><div class='ff-el-group ff-el-form-hide_label'><div class=\"ff-el-input--label asterisk-right\"><label for='ff_1_numeric-field_1' id='label_ff_1_numeric-field_1' aria-label=\"Phone\">Phone<\/label><\/div><div class='ff-el-input--content'><input type=\"number\" name=\"numeric-field_1\" id=\"ff_1_numeric-field_1\" class=\"ff-el-form-control\" placeholder=\"Phone\" data-name=\"numeric-field_1\" inputmode=\"numeric\" step=\"any\"  aria-invalid=\"false\" aria-required=false><\/div><\/div><div class='ff-el-group  ff_list_2col'><div class=\"ff-el-input--label ff-el-is-required asterisk-right\"><label   aria-label=\"Do you have insurance?\">Do you have insurance?<\/label><\/div><div class='ff-el-input--content'><div class='ff-el-form-check ff-el-form-check-'><label class='ff-el-form-check-label' for='input_radio_5838f3713597c5e05dac7fa45269e270'><input  type=\"radio\" name=\"input_radio\" data-name=\"input_radio\" class=\"ff-el-form-check-input ff-el-form-check-radio\" value=\"yes\"  id='input_radio_5838f3713597c5e05dac7fa45269e270' aria-label='Yes' aria-invalid='false' aria-required=true> <span>Yes<\/span><\/label><\/div><div class='ff-el-form-check ff-el-form-check-'><label class='ff-el-form-check-label' for='input_radio_9ca8cb2db160f951bd5553e0efb605b8'><input  type=\"radio\" name=\"input_radio\" data-name=\"input_radio\" class=\"ff-el-form-check-input ff-el-form-check-radio\" value=\"no\"  id='input_radio_9ca8cb2db160f951bd5553e0efb605b8' aria-label='No' aria-invalid='false' aria-required=true> <span>No<\/span><\/label><\/div><\/div><\/div><div class='ff-el-group ff-el-form-hide_label'><div class=\"ff-el-input--label asterisk-right\"><label for='ff_1_message' id='label_ff_1_message' aria-label=\"Insurance\">Insurance<\/label><\/div><div class='ff-el-input--content'><textarea aria-required=\"false\" aria-labelledby=\"label_ff_1_message\" name=\"message\" id=\"ff_1_message\" class=\"ff-el-form-control\" placeholder=\"What type of insurance do you have?\" rows=\"2\" cols=\"2\" data-name=\"message\" ><\/textarea><\/div><\/div><div class='ff-el-group ff-el-form-hide_label'><div class=\"ff-el-input--label ff-el-is-required asterisk-right\"><label for='ff_1_message_1' id='label_ff_1_message_1' aria-label=\"Condition suffering from\">Condition suffering from<\/label><\/div><div class='ff-el-input--content'><textarea aria-required=\"true\" aria-labelledby=\"label_ff_1_message_1\" name=\"message_1\" id=\"ff_1_message_1\" class=\"ff-el-form-control\" placeholder=\"What condition are you suffering from?\" rows=\"2\" cols=\"2\" data-name=\"message_1\" ><\/textarea><\/div><\/div><div class='ff-el-group ff-el-form-hide_label'><div class=\"ff-el-input--label asterisk-right\"><label for='ff_1_datetime' id='label_ff_1_datetime' aria-label=\"Date \/ Time\">Date \/ Time<\/label><\/div><div class='ff-el-input--content'><input  aria-label='Date \/ Time Usa las flechas para navegar por las fechas. Pulsa Intro para seleccionar una fecha.'  aria-haspopup='dialog' data-type-datepicker data-format='m\/d\/Y h:i K' type=\"text\" name=\"datetime\" id=\"ff_1_datetime\" class=\"ff-el-form-control ff-el-datepicker\" placeholder=\"Please list a possible date\/time availability for your appointment:\" data-name=\"datetime\"  aria-invalid='false' aria-required=false><\/div><\/div><div class='ff-el-group'><div class='ff-el-input--content'><div class='ff-el-form-check ff-el-form-check-'><label class='ff-el-form-check-label' for='checkbox_dedc369b049720980712459846565df6'><input  type=\"checkbox\" name=\"checkbox[]\" data-name=\"checkbox\" class=\"ff-el-form-check-input ff-el-form-check-checkbox\" value=\"Our office staff will call or email you with a confirmed appointment day and time.\"  id='checkbox_dedc369b049720980712459846565df6' aria-label='Our office staff will call or email you with a confirmed appointment day and time.' aria-invalid='false' aria-required=true> <span>Our office staff will call or email you with a confirmed appointment day and time.<\/span><\/label><\/div><\/div><\/div><div class='ff-el-group ' ><div class='ff-el-input--content'><div data-fluent_id='1' name='g-recaptcha-response'><div\n\t\tdata-sitekey='6LenvL0UAAAAAP4Gqn8gAonaRmf_6brd_hNW2v58'\n\t\tid='fluentform-recaptcha-1-1'\n\t\tclass='ff-el-recaptcha g-recaptcha'\n\t\tdata-callback='fluentFormrecaptchaSuccessCallback'><\/div><\/div><\/div><\/div><div class='ff-el-group ff-text-left ff_submit_btn_wrapper'><button type=\"submit\" class=\"ff-btn ff-btn-submit ff-btn-md ff_btn_style wpf_has_custom_css\"  aria-label=\"SUBMIT\">SUBMIT<\/button><\/div><\/fieldset><\/form><div id='fluentform_1_errors' class='ff-errors-in-stack ff_form_instance_1_1 ff-form-loading_errors ff_form_instance_1_1_errors'><\/div><\/div>            <script type=\"text\/javascript\">\n                window.fluent_form_ff_form_instance_1_1 = {\"id\":\"1\",\"settings\":{\"layout\":{\"labelPlacement\":\"top\",\"helpMessagePlacement\":\"with_label\",\"errorMessagePlacement\":\"inline\",\"cssClassName\":\"\",\"asteriskPlacement\":\"asterisk-right\"},\"restrictions\":{\"denyEmptySubmission\":{\"enabled\":false}}},\"form_instance\":\"ff_form_instance_1_1\",\"form_id_selector\":\"fluentform_1\",\"rules\":{\"names[first_name]\":{\"required\":{\"value\":true,\"message\":\"This field is required\",\"global\":false,\"global_message\":\"This field is required\"}},\"names[middle_name]\":{\"required\":{\"value\":false,\"message\":\"This field is required\",\"global\":false,\"global_message\":\"This field is required\"}},\"names[last_name]\":{\"required\":{\"value\":true,\"message\":\"This field is required\",\"global\":false,\"global_message\":\"This field is required\"}},\"email\":{\"required\":{\"value\":true,\"message\":\"This field is required\",\"global\":false,\"global_message\":\"This field is required\"},\"email\":{\"value\":true,\"message\":\"This field must contain a valid email\",\"global\":false,\"global_message\":\"This field must contain a valid email\"}},\"numeric-field_1\":{\"required\":{\"value\":false,\"message\":\"This field is required\",\"global_message\":\"This field is required\",\"global\":true},\"numeric\":{\"value\":true,\"message\":\"This field must contain numeric value\",\"global_message\":\"This field must contain numeric value\",\"global\":true},\"min\":{\"value\":\"\",\"message\":\"Validation fails for minimum value\",\"global_message\":\"Validation fails for minimum value\",\"global\":true},\"max\":{\"value\":\"\",\"message\":\"Validation fails for maximum value\",\"global_message\":\"Validation fails for maximum value\",\"global\":true},\"digits\":{\"value\":\"\",\"message\":\"Validation fails for limited digits\",\"global_message\":\"Validation fails for limited digits\",\"global\":true}},\"input_radio\":{\"required\":{\"value\":true,\"message\":\"This field is required\",\"global_message\":\"This field is required\",\"global\":true}},\"message\":{\"required\":{\"value\":false,\"message\":\"This field is required\",\"global\":false,\"global_message\":\"This field is required\"}},\"message_1\":{\"required\":{\"value\":true,\"message\":\"This field is required\",\"global\":false,\"global_message\":\"This field is required\"}},\"datetime\":{\"required\":{\"value\":false,\"message\":\"This field is required\",\"global_message\":\"This field is required\",\"global\":true}},\"checkbox\":{\"required\":{\"value\":true,\"message\":\"This field is required\",\"global_message\":\"This field is required\",\"global\":true}},\"g-recaptcha-response\":[]},\"debounce_time\":300};\n                            <\/script>\n            <\/p>\n<\/div>\n<\/div>\n","protected":false},"excerpt":{"rendered":"<p>Direcci\u00f3n 8339 NW 12 Street, Doral, Florida 33126 Tel\u00e9fono (305) 459-3970 Fax (305) 459-3971 correo electr\u00f3nico info@podiatrymiami.net &gt; Rellene el siguiente formulario Para enviar un mensaje, rellene el siguiente formulario y uno de nuestros representantes se pondr\u00e1 en contacto con usted.<\/p>\n","protected":false},"author":1,"featured_media":0,"parent":0,"menu_order":3,"comment_status":"closed","ping_status":"closed","template":"","meta":{"footnotes":""},"class_list":["post-224","page","type-page","status-publish","hentry"],"yoast_head":"<!-- This site is optimized with the Yoast SEO Premium plugin v26.7 (Yoast SEO v26.7) - https:\/\/yoast.com\/wordpress\/plugins\/seo\/ -->\n<title>Foot &amp; Ankle Care Miami MariaInes Apolo D.P.M. Doral Miami<\/title>\n<meta name=\"description\" content=\"Podolog\u00eda Dr. Apolo Foot &amp; Ankle Surgery of Doral, Miami, Phone (305) 644-4900 | 475 8339 NW 12 Street, Doral, Florida 33126.\" \/>\n<meta name=\"robots\" content=\"index, follow, max-snippet:-1, max-image-preview:large, max-video-preview:-1\" \/>\n<link rel=\"canonical\" href=\"https:\/\/podiatrymiami.net\/es\/contact-apolo-dpm\/\" \/>\n<meta property=\"og:locale\" content=\"es_ES\" \/>\n<meta property=\"og:type\" content=\"article\" \/>\n<meta property=\"og:title\" content=\"MariaInes Apolo D.P.M. | Medicina y Cirug\u00eda Podi\u00e1trica, Miami\" \/>\n<meta property=\"og:description\" content=\"Podolog\u00eda Dr. Apolo Foot &amp; Ankle Surgery of Doral, Miami, Phone (305) 644-4900 | 475 8339 NW 12 Street, Doral, Florida 33126.\" \/>\n<meta property=\"og:url\" content=\"https:\/\/podiatrymiami.net\/es\/contact-apolo-dpm\/\" \/>\n<meta property=\"og:site_name\" content=\"Podiatric Medicine &amp; Surgery\" \/>\n<meta property=\"article:modified_time\" content=\"2023-12-30T22:13:56+00:00\" \/>\n<meta name=\"twitter:card\" content=\"summary_large_image\" \/>\n<script type=\"application\/ld+json\" class=\"yoast-schema-graph\">{\"@context\":\"https:\/\/schema.org\",\"@graph\":[{\"@type\":\"WebPage\",\"@id\":\"https:\/\/podiatrymiami.net\/es\/contact-apolo-dpm\/\",\"url\":\"https:\/\/podiatrymiami.net\/es\/contact-apolo-dpm\/\",\"name\":\"Foot & Ankle Care Miami MariaInes Apolo D.P.M. Doral Miami\",\"isPartOf\":{\"@id\":\"https:\/\/podiatrymiami.net\/es\/#website\"},\"datePublished\":\"2016-01-22T22:09:18+00:00\",\"dateModified\":\"2023-12-30T22:13:56+00:00\",\"description\":\"Podolog\u00eda Dr. Apolo Foot & Ankle Surgery of Doral, Miami, Phone (305) 644-4900 | 475 8339 NW 12 Street, Doral, Florida 33126.\",\"breadcrumb\":{\"@id\":\"https:\/\/podiatrymiami.net\/es\/contact-apolo-dpm\/#breadcrumb\"},\"inLanguage\":\"es\",\"potentialAction\":[{\"@type\":\"ReadAction\",\"target\":[\"https:\/\/podiatrymiami.net\/es\/contact-apolo-dpm\/\"]}]},{\"@type\":\"BreadcrumbList\",\"@id\":\"https:\/\/podiatrymiami.net\/es\/contact-apolo-dpm\/#breadcrumb\",\"itemListElement\":[{\"@type\":\"ListItem\",\"position\":1,\"name\":\"Home\",\"item\":\"https:\/\/podiatrymiami.net\/es\/\"},{\"@type\":\"ListItem\",\"position\":2,\"name\":\"MariaInes Apolo D.P.M. | Medicina y Cirug\u00eda Podi\u00e1trica, Miami\"}]},{\"@type\":\"WebSite\",\"@id\":\"https:\/\/podiatrymiami.net\/es\/#website\",\"url\":\"https:\/\/podiatrymiami.net\/es\/\",\"name\":\"Podiatric Medicine &amp; Surgery\",\"description\":\"MariaInes Apolo, DPM\",\"publisher\":{\"@id\":\"https:\/\/podiatrymiami.net\/es\/#organization\"},\"potentialAction\":[{\"@type\":\"SearchAction\",\"target\":{\"@type\":\"EntryPoint\",\"urlTemplate\":\"https:\/\/podiatrymiami.net\/es\/?s={search_term_string}\"},\"query-input\":{\"@type\":\"PropertyValueSpecification\",\"valueRequired\":true,\"valueName\":\"search_term_string\"}}],\"inLanguage\":\"es\"},{\"@type\":\"Organization\",\"@id\":\"https:\/\/podiatrymiami.net\/es\/#organization\",\"name\":\"MariaInes Apolo D.P.M. | Podiatric Medicine & Surgery\",\"url\":\"https:\/\/podiatrymiami.net\/es\/\",\"logo\":{\"@type\":\"ImageObject\",\"inLanguage\":\"es\",\"@id\":\"https:\/\/podiatrymiami.net\/es\/#\/schema\/logo\/image\/\",\"url\":\"https:\/\/podiatrymiami.net\/wp-content\/uploads\/ines-apolo-dpm-1.png\",\"contentUrl\":\"https:\/\/podiatrymiami.net\/wp-content\/uploads\/ines-apolo-dpm-1.png\",\"width\":587,\"height\":341,\"caption\":\"MariaInes Apolo D.P.M. | Podiatric Medicine & Surgery\"},\"image\":{\"@id\":\"https:\/\/podiatrymiami.net\/es\/#\/schema\/logo\/image\/\"}}]}<\/script>\n<!-- \/ Yoast SEO Premium plugin. -->","yoast_head_json":{"title":"Foot & Ankle Care Miami MariaInes Apolo D.P.M. Doral Miami","description":"Podolog\u00eda Dr. Apolo Foot & Ankle Surgery of Doral, Miami, Phone (305) 644-4900 | 475 8339 NW 12 Street, Doral, Florida 33126.","robots":{"index":"index","follow":"follow","max-snippet":"max-snippet:-1","max-image-preview":"max-image-preview:large","max-video-preview":"max-video-preview:-1"},"canonical":"https:\/\/podiatrymiami.net\/es\/contact-apolo-dpm\/","og_locale":"es_ES","og_type":"article","og_title":"MariaInes Apolo D.P.M. | Medicina y Cirug\u00eda Podi\u00e1trica, Miami","og_description":"Podolog\u00eda Dr. Apolo Foot & Ankle Surgery of Doral, Miami, Phone (305) 644-4900 | 475 8339 NW 12 Street, Doral, Florida 33126.","og_url":"https:\/\/podiatrymiami.net\/es\/contact-apolo-dpm\/","og_site_name":"Podiatric Medicine &amp; Surgery","article_modified_time":"2023-12-30T22:13:56+00:00","twitter_card":"summary_large_image","schema":{"@context":"https:\/\/schema.org","@graph":[{"@type":"WebPage","@id":"https:\/\/podiatrymiami.net\/es\/contact-apolo-dpm\/","url":"https:\/\/podiatrymiami.net\/es\/contact-apolo-dpm\/","name":"Foot & Ankle Care Miami MariaInes Apolo D.P.M. Doral Miami","isPartOf":{"@id":"https:\/\/podiatrymiami.net\/es\/#website"},"datePublished":"2016-01-22T22:09:18+00:00","dateModified":"2023-12-30T22:13:56+00:00","description":"Podolog\u00eda Dr. Apolo Foot & Ankle Surgery of Doral, Miami, Phone (305) 644-4900 | 475 8339 NW 12 Street, Doral, Florida 33126.","breadcrumb":{"@id":"https:\/\/podiatrymiami.net\/es\/contact-apolo-dpm\/#breadcrumb"},"inLanguage":"es","potentialAction":[{"@type":"ReadAction","target":["https:\/\/podiatrymiami.net\/es\/contact-apolo-dpm\/"]}]},{"@type":"BreadcrumbList","@id":"https:\/\/podiatrymiami.net\/es\/contact-apolo-dpm\/#breadcrumb","itemListElement":[{"@type":"ListItem","position":1,"name":"Home","item":"https:\/\/podiatrymiami.net\/es\/"},{"@type":"ListItem","position":2,"name":"MariaInes Apolo D.P.M. | Medicina y Cirug\u00eda Podi\u00e1trica, Miami"}]},{"@type":"WebSite","@id":"https:\/\/podiatrymiami.net\/es\/#website","url":"https:\/\/podiatrymiami.net\/es\/","name":"Podiatric Medicine &amp; Surgery","description":"MariaInes Apolo, DPM","publisher":{"@id":"https:\/\/podiatrymiami.net\/es\/#organization"},"potentialAction":[{"@type":"SearchAction","target":{"@type":"EntryPoint","urlTemplate":"https:\/\/podiatrymiami.net\/es\/?s={search_term_string}"},"query-input":{"@type":"PropertyValueSpecification","valueRequired":true,"valueName":"search_term_string"}}],"inLanguage":"es"},{"@type":"Organization","@id":"https:\/\/podiatrymiami.net\/es\/#organization","name":"MariaInes Apolo D.P.M. | Podiatric Medicine & Surgery","url":"https:\/\/podiatrymiami.net\/es\/","logo":{"@type":"ImageObject","inLanguage":"es","@id":"https:\/\/podiatrymiami.net\/es\/#\/schema\/logo\/image\/","url":"https:\/\/podiatrymiami.net\/wp-content\/uploads\/ines-apolo-dpm-1.png","contentUrl":"https:\/\/podiatrymiami.net\/wp-content\/uploads\/ines-apolo-dpm-1.png","width":587,"height":341,"caption":"MariaInes Apolo D.P.M. | Podiatric Medicine & Surgery"},"image":{"@id":"https:\/\/podiatrymiami.net\/es\/#\/schema\/logo\/image\/"}}]}},"_links":{"self":[{"href":"https:\/\/podiatrymiami.net\/es\/wp-json\/wp\/v2\/pages\/224","targetHints":{"allow":["GET"]}}],"collection":[{"href":"https:\/\/podiatrymiami.net\/es\/wp-json\/wp\/v2\/pages"}],"about":[{"href":"https:\/\/podiatrymiami.net\/es\/wp-json\/wp\/v2\/types\/page"}],"author":[{"embeddable":true,"href":"https:\/\/podiatrymiami.net\/es\/wp-json\/wp\/v2\/users\/1"}],"replies":[{"embeddable":true,"href":"https:\/\/podiatrymiami.net\/es\/wp-json\/wp\/v2\/comments?post=224"}],"version-history":[{"count":31,"href":"https:\/\/podiatrymiami.net\/es\/wp-json\/wp\/v2\/pages\/224\/revisions"}],"predecessor-version":[{"id":1080,"href":"https:\/\/podiatrymiami.net\/es\/wp-json\/wp\/v2\/pages\/224\/revisions\/1080"}],"wp:attachment":[{"href":"https:\/\/podiatrymiami.net\/es\/wp-json\/wp\/v2\/media?parent=224"}],"curies":[{"name":"wp","href":"https:\/\/api.w.org\/{rel}","templated":true}]}}