{"id":231,"date":"2016-01-22T22:54:02","date_gmt":"2016-01-22T22:54:02","guid":{"rendered":"https:\/\/podiatrymiami.net\/?page_id=231&#038;lang=es"},"modified":"2019-07-01T11:01:59","modified_gmt":"2019-07-01T11:01:59","slug":"podiatria-condiciones","status":"publish","type":"page","link":"https:\/\/podiatrymiami.net\/es\/podiatria-condiciones\/","title":{"rendered":"Condiciones de Pies y Tobillos"},"content":{"rendered":"<p style=\"text-align: justify;\">Tratamientos para una amplia variedad de condiciones para el cuidado y tratamiento de pie y tobillo. \u00a1Si tiene un problema de pie o tobillo, lo m\u00e1s probable es que lo pudo ayudar!<\/p>\n<p style=\"text-align: justify;\">Atenci\u00f3n para pacientes de todas las edades; \u00a0desde beb\u00e9s, \u00a0ni\u00f1os, \u00a0deportistas y ancianos.<br \/>\nSi busca tratamiento para alguna condici\u00f3n o padecimiento que no se ve a continuaci\u00f3n, por favor contactar\u00a0nuestro personal\u00a0via <a href=\"\/contact\/\">e-mail\u00a0<\/a>o llamarnos al tel. <a href=\"tel:3054593970\">(305) 459-3970<\/a>.<\/p>\n","protected":false},"excerpt":{"rendered":"<p>Tratamientos para una amplia variedad de condiciones para el cuidado y tratamiento de pie y tobillo. \u00a1Si tiene un problema de pie o tobillo, lo m\u00e1s probable es que lo pudo ayudar! Atenci\u00f3n para pacientes de todas las edades; \u00a0desde beb\u00e9s, \u00a0ni\u00f1os, \u00a0deportistas y ancianos. Si busca tratamiento para alguna condici\u00f3n o padecimiento que no &hellip; <a href=\"https:\/\/podiatrymiami.net\/es\/podiatria-condiciones\/\" class=\"more-link\">Continuar leyendo<span class=\"screen-reader-text\"> \u00abCondiciones de Pies y Tobillos\u00bb<\/span><\/a><\/p>\n","protected":false},"author":1,"featured_media":434,"parent":0,"menu_order":11,"comment_status":"closed","ping_status":"closed","template":"what-we-treate.php","meta":{"footnotes":""},"class_list":["post-231","page","type-page","status-publish","has-post-thumbnail","hentry"],"yoast_head":"<!-- This site is optimized with the Yoast SEO Premium plugin v26.7 (Yoast SEO v26.7) - https:\/\/yoast.com\/wordpress\/plugins\/seo\/ -->\n<title>Mejor m\u00e9dico de pie Coral Gables especialista dolor de pie<\/title>\n<meta name=\"description\" content=\"Ofrecemos tratamientos de cuidado de pie y tobillo, Juanetes, Esguinces de Tobillo, Cuidado Pie Diab\u00e9tico, Tratamiento de Restauraci\u00f3n U\u00f1as Kerflex, Pie Plano\" \/>\n<meta name=\"robots\" content=\"index, follow, max-snippet:-1, max-image-preview:large, max-video-preview:-1\" \/>\n<link rel=\"canonical\" href=\"https:\/\/podiatrymiami.net\/es\/podiatria-condiciones\/\" \/>\n<meta property=\"og:locale\" content=\"es_ES\" \/>\n<meta property=\"og:type\" content=\"article\" \/>\n<meta property=\"og:title\" content=\"Condiciones de Pies y Tobillos\" \/>\n<meta property=\"og:description\" content=\"Ofrecemos tratamientos de cuidado de pie y tobillo, Juanetes, Esguinces de Tobillo, Cuidado Pie Diab\u00e9tico, Tratamiento de Restauraci\u00f3n U\u00f1as Kerflex, Pie Plano\" \/>\n<meta property=\"og:url\" content=\"https:\/\/podiatrymiami.net\/es\/podiatria-condiciones\/\" \/>\n<meta property=\"og:site_name\" content=\"Podiatric Medicine &amp; Surgery\" \/>\n<meta property=\"article:modified_time\" content=\"2019-07-01T11:01:59+00:00\" \/>\n<meta property=\"og:image\" content=\"https:\/\/podiatrymiami.net\/wp-content\/uploads\/2016\/01\/podiatry-care-coral-gables-miami.png\" \/>\n\t<meta property=\"og:image:width\" content=\"367\" \/>\n\t<meta property=\"og:image:height\" content=\"237\" \/>\n\t<meta property=\"og:image:type\" content=\"image\/png\" \/>\n<meta name=\"twitter:card\" content=\"summary_large_image\" \/>\n<script type=\"application\/ld+json\" class=\"yoast-schema-graph\">{\"@context\":\"https:\/\/schema.org\",\"@graph\":[{\"@type\":\"WebPage\",\"@id\":\"https:\/\/podiatrymiami.net\/es\/podiatria-condiciones\/\",\"url\":\"https:\/\/podiatrymiami.net\/es\/podiatria-condiciones\/\",\"name\":\"Mejor m\u00e9dico de pie Coral Gables especialista dolor de pie\",\"isPartOf\":{\"@id\":\"https:\/\/podiatrymiami.net\/es\/#website\"},\"primaryImageOfPage\":{\"@id\":\"https:\/\/podiatrymiami.net\/es\/podiatria-condiciones\/#primaryimage\"},\"image\":{\"@id\":\"https:\/\/podiatrymiami.net\/es\/podiatria-condiciones\/#primaryimage\"},\"thumbnailUrl\":\"https:\/\/podiatrymiami.net\/wp-content\/uploads\/2016\/01\/podiatry-care-coral-gables-miami.png\",\"datePublished\":\"2016-01-22T22:54:02+00:00\",\"dateModified\":\"2019-07-01T11:01:59+00:00\",\"description\":\"Ofrecemos tratamientos de cuidado de pie y tobillo, Juanetes, Esguinces de Tobillo, Cuidado Pie Diab\u00e9tico, Tratamiento de Restauraci\u00f3n U\u00f1as Kerflex, Pie Plano\",\"breadcrumb\":{\"@id\":\"https:\/\/podiatrymiami.net\/es\/podiatria-condiciones\/#breadcrumb\"},\"inLanguage\":\"es\",\"potentialAction\":[{\"@type\":\"ReadAction\",\"target\":[\"https:\/\/podiatrymiami.net\/es\/podiatria-condiciones\/\"]}]},{\"@type\":\"ImageObject\",\"inLanguage\":\"es\",\"@id\":\"https:\/\/podiatrymiami.net\/es\/podiatria-condiciones\/#primaryimage\",\"url\":\"https:\/\/podiatrymiami.net\/wp-content\/uploads\/2016\/01\/podiatry-care-coral-gables-miami.png\",\"contentUrl\":\"https:\/\/podiatrymiami.net\/wp-content\/uploads\/2016\/01\/podiatry-care-coral-gables-miami.png\",\"width\":367,\"height\":237,\"caption\":\"Foot Conditions Podiatry Coral Gables\"},{\"@type\":\"BreadcrumbList\",\"@id\":\"https:\/\/podiatrymiami.net\/es\/podiatria-condiciones\/#breadcrumb\",\"itemListElement\":[{\"@type\":\"ListItem\",\"position\":1,\"name\":\"Home\",\"item\":\"https:\/\/podiatrymiami.net\/es\/\"},{\"@type\":\"ListItem\",\"position\":2,\"name\":\"Condiciones de Pies y Tobillos\"}]},{\"@type\":\"WebSite\",\"@id\":\"https:\/\/podiatrymiami.net\/es\/#website\",\"url\":\"https:\/\/podiatrymiami.net\/es\/\",\"name\":\"Podiatric Medicine &amp; Surgery\",\"description\":\"MariaInes Apolo, DPM\",\"publisher\":{\"@id\":\"https:\/\/podiatrymiami.net\/es\/#organization\"},\"potentialAction\":[{\"@type\":\"SearchAction\",\"target\":{\"@type\":\"EntryPoint\",\"urlTemplate\":\"https:\/\/podiatrymiami.net\/es\/?s={search_term_string}\"},\"query-input\":{\"@type\":\"PropertyValueSpecification\",\"valueRequired\":true,\"valueName\":\"search_term_string\"}}],\"inLanguage\":\"es\"},{\"@type\":\"Organization\",\"@id\":\"https:\/\/podiatrymiami.net\/es\/#organization\",\"name\":\"MariaInes Apolo D.P.M. | Podiatric Medicine & Surgery\",\"url\":\"https:\/\/podiatrymiami.net\/es\/\",\"logo\":{\"@type\":\"ImageObject\",\"inLanguage\":\"es\",\"@id\":\"https:\/\/podiatrymiami.net\/es\/#\/schema\/logo\/image\/\",\"url\":\"https:\/\/podiatrymiami.net\/wp-content\/uploads\/ines-apolo-dpm-1.png\",\"contentUrl\":\"https:\/\/podiatrymiami.net\/wp-content\/uploads\/ines-apolo-dpm-1.png\",\"width\":587,\"height\":341,\"caption\":\"MariaInes Apolo D.P.M. | Podiatric Medicine & Surgery\"},\"image\":{\"@id\":\"https:\/\/podiatrymiami.net\/es\/#\/schema\/logo\/image\/\"}}]}<\/script>\n<!-- \/ Yoast SEO Premium plugin. -->","yoast_head_json":{"title":"Mejor m\u00e9dico de pie Coral Gables especialista dolor de pie","description":"Ofrecemos tratamientos de cuidado de pie y tobillo, Juanetes, Esguinces de Tobillo, Cuidado Pie Diab\u00e9tico, Tratamiento de Restauraci\u00f3n U\u00f1as Kerflex, Pie Plano","robots":{"index":"index","follow":"follow","max-snippet":"max-snippet:-1","max-image-preview":"max-image-preview:large","max-video-preview":"max-video-preview:-1"},"canonical":"https:\/\/podiatrymiami.net\/es\/podiatria-condiciones\/","og_locale":"es_ES","og_type":"article","og_title":"Condiciones de Pies y Tobillos","og_description":"Ofrecemos tratamientos de cuidado de pie y tobillo, Juanetes, Esguinces de Tobillo, Cuidado Pie Diab\u00e9tico, Tratamiento de Restauraci\u00f3n U\u00f1as Kerflex, Pie Plano","og_url":"https:\/\/podiatrymiami.net\/es\/podiatria-condiciones\/","og_site_name":"Podiatric Medicine &amp; Surgery","article_modified_time":"2019-07-01T11:01:59+00:00","og_image":[{"width":367,"height":237,"url":"https:\/\/podiatrymiami.net\/wp-content\/uploads\/2016\/01\/podiatry-care-coral-gables-miami.png","type":"image\/png"}],"twitter_card":"summary_large_image","schema":{"@context":"https:\/\/schema.org","@graph":[{"@type":"WebPage","@id":"https:\/\/podiatrymiami.net\/es\/podiatria-condiciones\/","url":"https:\/\/podiatrymiami.net\/es\/podiatria-condiciones\/","name":"Mejor m\u00e9dico de pie Coral Gables especialista dolor de pie","isPartOf":{"@id":"https:\/\/podiatrymiami.net\/es\/#website"},"primaryImageOfPage":{"@id":"https:\/\/podiatrymiami.net\/es\/podiatria-condiciones\/#primaryimage"},"image":{"@id":"https:\/\/podiatrymiami.net\/es\/podiatria-condiciones\/#primaryimage"},"thumbnailUrl":"https:\/\/podiatrymiami.net\/wp-content\/uploads\/2016\/01\/podiatry-care-coral-gables-miami.png","datePublished":"2016-01-22T22:54:02+00:00","dateModified":"2019-07-01T11:01:59+00:00","description":"Ofrecemos tratamientos de cuidado de pie y tobillo, Juanetes, Esguinces de Tobillo, Cuidado Pie Diab\u00e9tico, Tratamiento de Restauraci\u00f3n U\u00f1as Kerflex, Pie Plano","breadcrumb":{"@id":"https:\/\/podiatrymiami.net\/es\/podiatria-condiciones\/#breadcrumb"},"inLanguage":"es","potentialAction":[{"@type":"ReadAction","target":["https:\/\/podiatrymiami.net\/es\/podiatria-condiciones\/"]}]},{"@type":"ImageObject","inLanguage":"es","@id":"https:\/\/podiatrymiami.net\/es\/podiatria-condiciones\/#primaryimage","url":"https:\/\/podiatrymiami.net\/wp-content\/uploads\/2016\/01\/podiatry-care-coral-gables-miami.png","contentUrl":"https:\/\/podiatrymiami.net\/wp-content\/uploads\/2016\/01\/podiatry-care-coral-gables-miami.png","width":367,"height":237,"caption":"Foot Conditions Podiatry Coral Gables"},{"@type":"BreadcrumbList","@id":"https:\/\/podiatrymiami.net\/es\/podiatria-condiciones\/#breadcrumb","itemListElement":[{"@type":"ListItem","position":1,"name":"Home","item":"https:\/\/podiatrymiami.net\/es\/"},{"@type":"ListItem","position":2,"name":"Condiciones de Pies y Tobillos"}]},{"@type":"WebSite","@id":"https:\/\/podiatrymiami.net\/es\/#website","url":"https:\/\/podiatrymiami.net\/es\/","name":"Podiatric Medicine &amp; Surgery","description":"MariaInes Apolo, DPM","publisher":{"@id":"https:\/\/podiatrymiami.net\/es\/#organization"},"potentialAction":[{"@type":"SearchAction","target":{"@type":"EntryPoint","urlTemplate":"https:\/\/podiatrymiami.net\/es\/?s={search_term_string}"},"query-input":{"@type":"PropertyValueSpecification","valueRequired":true,"valueName":"search_term_string"}}],"inLanguage":"es"},{"@type":"Organization","@id":"https:\/\/podiatrymiami.net\/es\/#organization","name":"MariaInes Apolo D.P.M. | Podiatric Medicine & Surgery","url":"https:\/\/podiatrymiami.net\/es\/","logo":{"@type":"ImageObject","inLanguage":"es","@id":"https:\/\/podiatrymiami.net\/es\/#\/schema\/logo\/image\/","url":"https:\/\/podiatrymiami.net\/wp-content\/uploads\/ines-apolo-dpm-1.png","contentUrl":"https:\/\/podiatrymiami.net\/wp-content\/uploads\/ines-apolo-dpm-1.png","width":587,"height":341,"caption":"MariaInes Apolo D.P.M. | Podiatric Medicine & Surgery"},"image":{"@id":"https:\/\/podiatrymiami.net\/es\/#\/schema\/logo\/image\/"}}]}},"_links":{"self":[{"href":"https:\/\/podiatrymiami.net\/es\/wp-json\/wp\/v2\/pages\/231","targetHints":{"allow":["GET"]}}],"collection":[{"href":"https:\/\/podiatrymiami.net\/es\/wp-json\/wp\/v2\/pages"}],"about":[{"href":"https:\/\/podiatrymiami.net\/es\/wp-json\/wp\/v2\/types\/page"}],"author":[{"embeddable":true,"href":"https:\/\/podiatrymiami.net\/es\/wp-json\/wp\/v2\/users\/1"}],"replies":[{"embeddable":true,"href":"https:\/\/podiatrymiami.net\/es\/wp-json\/wp\/v2\/comments?post=231"}],"version-history":[{"count":15,"href":"https:\/\/podiatrymiami.net\/es\/wp-json\/wp\/v2\/pages\/231\/revisions"}],"predecessor-version":[{"id":389,"href":"https:\/\/podiatrymiami.net\/es\/wp-json\/wp\/v2\/pages\/231\/revisions\/389"}],"wp:featuredmedia":[{"embeddable":true,"href":"https:\/\/podiatrymiami.net\/es\/wp-json\/wp\/v2\/media\/434"}],"wp:attachment":[{"href":"https:\/\/podiatrymiami.net\/es\/wp-json\/wp\/v2\/media?parent=231"}],"curies":[{"name":"wp","href":"https:\/\/api.w.org\/{rel}","templated":true}]}}