{"id":234,"date":"2016-01-22T22:56:03","date_gmt":"2016-01-22T22:56:03","guid":{"rendered":"https:\/\/podiatrymiami.net\/?page_id=234&#038;lang=es"},"modified":"2023-12-30T21:49:59","modified_gmt":"2023-12-30T21:49:59","slug":"testimonios","status":"publish","type":"page","link":"https:\/\/podiatrymiami.net\/es\/testimonios\/","title":{"rendered":"Testimonios de pacientes"},"content":{"rendered":"","protected":false},"excerpt":{"rendered":"","protected":false},"author":1,"featured_media":0,"parent":0,"menu_order":6,"comment_status":"closed","ping_status":"closed","template":"testimonials.php","meta":{"footnotes":""},"class_list":["post-234","page","type-page","status-publish","hentry"],"yoast_head":"<!-- This site is optimized with the Yoast SEO Premium plugin v26.7 (Yoast SEO v26.7) - https:\/\/yoast.com\/wordpress\/plugins\/seo\/ -->\n<title>Mejor Pod\u00f3logo M\u00e9dico del Pie Miami Podolog\u00eda Doral, Miami Dr. Apolo<\/title>\n<meta name=\"description\" content=\"Maria Ines Apolo D.P.M. testimonios de pacientes: Medico de Pie y Tobillo Miami Podiatry ofreciendo cuidado de pie diab\u00e9tico, cuidado de pie pedi\u00e1trico y cuidado de pie geri\u00e1trico.\" \/>\n<meta name=\"robots\" content=\"index, follow, max-snippet:-1, max-image-preview:large, max-video-preview:-1\" \/>\n<link rel=\"canonical\" href=\"https:\/\/podiatrymiami.net\/es\/testimonios\/\" \/>\n<meta property=\"og:locale\" content=\"es_ES\" \/>\n<meta property=\"og:type\" content=\"article\" \/>\n<meta property=\"og:title\" content=\"Testimonios de pacientes\" \/>\n<meta property=\"og:description\" content=\"Maria Ines Apolo D.P.M. testimonios de pacientes: Medico de Pie y Tobillo Miami Podiatry ofreciendo cuidado de pie diab\u00e9tico, cuidado de pie pedi\u00e1trico y cuidado de pie geri\u00e1trico.\" \/>\n<meta property=\"og:url\" content=\"https:\/\/podiatrymiami.net\/es\/testimonios\/\" \/>\n<meta property=\"og:site_name\" content=\"Podiatric Medicine &amp; Surgery\" \/>\n<meta property=\"article:modified_time\" content=\"2023-12-30T21:49:59+00:00\" \/>\n<meta name=\"twitter:card\" content=\"summary_large_image\" \/>\n<script type=\"application\/ld+json\" class=\"yoast-schema-graph\">{\"@context\":\"https:\/\/schema.org\",\"@graph\":[{\"@type\":\"WebPage\",\"@id\":\"https:\/\/podiatrymiami.net\/es\/testimonios\/\",\"url\":\"https:\/\/podiatrymiami.net\/es\/testimonios\/\",\"name\":\"Mejor Pod\u00f3logo M\u00e9dico del Pie Miami Podolog\u00eda Doral, Miami Dr. Apolo\",\"isPartOf\":{\"@id\":\"https:\/\/podiatrymiami.net\/es\/#website\"},\"datePublished\":\"2016-01-22T22:56:03+00:00\",\"dateModified\":\"2023-12-30T21:49:59+00:00\",\"description\":\"Maria Ines Apolo D.P.M. testimonios de pacientes: Medico de Pie y Tobillo Miami Podiatry ofreciendo cuidado de pie diab\u00e9tico, cuidado de pie pedi\u00e1trico y cuidado de pie geri\u00e1trico.\",\"breadcrumb\":{\"@id\":\"https:\/\/podiatrymiami.net\/es\/testimonios\/#breadcrumb\"},\"inLanguage\":\"es\",\"potentialAction\":[{\"@type\":\"ReadAction\",\"target\":[\"https:\/\/podiatrymiami.net\/es\/testimonios\/\"]}]},{\"@type\":\"BreadcrumbList\",\"@id\":\"https:\/\/podiatrymiami.net\/es\/testimonios\/#breadcrumb\",\"itemListElement\":[{\"@type\":\"ListItem\",\"position\":1,\"name\":\"Home\",\"item\":\"https:\/\/podiatrymiami.net\/es\/\"},{\"@type\":\"ListItem\",\"position\":2,\"name\":\"Testimonios de pacientes\"}]},{\"@type\":\"WebSite\",\"@id\":\"https:\/\/podiatrymiami.net\/es\/#website\",\"url\":\"https:\/\/podiatrymiami.net\/es\/\",\"name\":\"Podiatric Medicine &amp; Surgery\",\"description\":\"MariaInes Apolo, DPM\",\"publisher\":{\"@id\":\"https:\/\/podiatrymiami.net\/es\/#organization\"},\"potentialAction\":[{\"@type\":\"SearchAction\",\"target\":{\"@type\":\"EntryPoint\",\"urlTemplate\":\"https:\/\/podiatrymiami.net\/es\/?s={search_term_string}\"},\"query-input\":{\"@type\":\"PropertyValueSpecification\",\"valueRequired\":true,\"valueName\":\"search_term_string\"}}],\"inLanguage\":\"es\"},{\"@type\":\"Organization\",\"@id\":\"https:\/\/podiatrymiami.net\/es\/#organization\",\"name\":\"MariaInes Apolo D.P.M. | Podiatric Medicine & Surgery\",\"url\":\"https:\/\/podiatrymiami.net\/es\/\",\"logo\":{\"@type\":\"ImageObject\",\"inLanguage\":\"es\",\"@id\":\"https:\/\/podiatrymiami.net\/es\/#\/schema\/logo\/image\/\",\"url\":\"https:\/\/podiatrymiami.net\/wp-content\/uploads\/ines-apolo-dpm-1.png\",\"contentUrl\":\"https:\/\/podiatrymiami.net\/wp-content\/uploads\/ines-apolo-dpm-1.png\",\"width\":587,\"height\":341,\"caption\":\"MariaInes Apolo D.P.M. | Podiatric Medicine & Surgery\"},\"image\":{\"@id\":\"https:\/\/podiatrymiami.net\/es\/#\/schema\/logo\/image\/\"}}]}<\/script>\n<!-- \/ Yoast SEO Premium plugin. -->","yoast_head_json":{"title":"Mejor Pod\u00f3logo M\u00e9dico del Pie Miami Podolog\u00eda Doral, Miami Dr. Apolo","description":"Maria Ines Apolo D.P.M. testimonios de pacientes: Medico de Pie y Tobillo Miami Podiatry ofreciendo cuidado de pie diab\u00e9tico, cuidado de pie pedi\u00e1trico y cuidado de pie geri\u00e1trico.","robots":{"index":"index","follow":"follow","max-snippet":"max-snippet:-1","max-image-preview":"max-image-preview:large","max-video-preview":"max-video-preview:-1"},"canonical":"https:\/\/podiatrymiami.net\/es\/testimonios\/","og_locale":"es_ES","og_type":"article","og_title":"Testimonios de pacientes","og_description":"Maria Ines Apolo D.P.M. testimonios de pacientes: Medico de Pie y Tobillo Miami Podiatry ofreciendo cuidado de pie diab\u00e9tico, cuidado de pie pedi\u00e1trico y cuidado de pie geri\u00e1trico.","og_url":"https:\/\/podiatrymiami.net\/es\/testimonios\/","og_site_name":"Podiatric Medicine &amp; Surgery","article_modified_time":"2023-12-30T21:49:59+00:00","twitter_card":"summary_large_image","schema":{"@context":"https:\/\/schema.org","@graph":[{"@type":"WebPage","@id":"https:\/\/podiatrymiami.net\/es\/testimonios\/","url":"https:\/\/podiatrymiami.net\/es\/testimonios\/","name":"Mejor Pod\u00f3logo M\u00e9dico del Pie Miami Podolog\u00eda Doral, Miami Dr. Apolo","isPartOf":{"@id":"https:\/\/podiatrymiami.net\/es\/#website"},"datePublished":"2016-01-22T22:56:03+00:00","dateModified":"2023-12-30T21:49:59+00:00","description":"Maria Ines Apolo D.P.M. testimonios de pacientes: Medico de Pie y Tobillo Miami Podiatry ofreciendo cuidado de pie diab\u00e9tico, cuidado de pie pedi\u00e1trico y cuidado de pie geri\u00e1trico.","breadcrumb":{"@id":"https:\/\/podiatrymiami.net\/es\/testimonios\/#breadcrumb"},"inLanguage":"es","potentialAction":[{"@type":"ReadAction","target":["https:\/\/podiatrymiami.net\/es\/testimonios\/"]}]},{"@type":"BreadcrumbList","@id":"https:\/\/podiatrymiami.net\/es\/testimonios\/#breadcrumb","itemListElement":[{"@type":"ListItem","position":1,"name":"Home","item":"https:\/\/podiatrymiami.net\/es\/"},{"@type":"ListItem","position":2,"name":"Testimonios de pacientes"}]},{"@type":"WebSite","@id":"https:\/\/podiatrymiami.net\/es\/#website","url":"https:\/\/podiatrymiami.net\/es\/","name":"Podiatric Medicine &amp; Surgery","description":"MariaInes Apolo, DPM","publisher":{"@id":"https:\/\/podiatrymiami.net\/es\/#organization"},"potentialAction":[{"@type":"SearchAction","target":{"@type":"EntryPoint","urlTemplate":"https:\/\/podiatrymiami.net\/es\/?s={search_term_string}"},"query-input":{"@type":"PropertyValueSpecification","valueRequired":true,"valueName":"search_term_string"}}],"inLanguage":"es"},{"@type":"Organization","@id":"https:\/\/podiatrymiami.net\/es\/#organization","name":"MariaInes Apolo D.P.M. | Podiatric Medicine & Surgery","url":"https:\/\/podiatrymiami.net\/es\/","logo":{"@type":"ImageObject","inLanguage":"es","@id":"https:\/\/podiatrymiami.net\/es\/#\/schema\/logo\/image\/","url":"https:\/\/podiatrymiami.net\/wp-content\/uploads\/ines-apolo-dpm-1.png","contentUrl":"https:\/\/podiatrymiami.net\/wp-content\/uploads\/ines-apolo-dpm-1.png","width":587,"height":341,"caption":"MariaInes Apolo D.P.M. | Podiatric Medicine & Surgery"},"image":{"@id":"https:\/\/podiatrymiami.net\/es\/#\/schema\/logo\/image\/"}}]}},"_links":{"self":[{"href":"https:\/\/podiatrymiami.net\/es\/wp-json\/wp\/v2\/pages\/234","targetHints":{"allow":["GET"]}}],"collection":[{"href":"https:\/\/podiatrymiami.net\/es\/wp-json\/wp\/v2\/pages"}],"about":[{"href":"https:\/\/podiatrymiami.net\/es\/wp-json\/wp\/v2\/types\/page"}],"author":[{"embeddable":true,"href":"https:\/\/podiatrymiami.net\/es\/wp-json\/wp\/v2\/users\/1"}],"replies":[{"embeddable":true,"href":"https:\/\/podiatrymiami.net\/es\/wp-json\/wp\/v2\/comments?post=234"}],"version-history":[{"count":5,"href":"https:\/\/podiatrymiami.net\/es\/wp-json\/wp\/v2\/pages\/234\/revisions"}],"predecessor-version":[{"id":1083,"href":"https:\/\/podiatrymiami.net\/es\/wp-json\/wp\/v2\/pages\/234\/revisions\/1083"}],"wp:attachment":[{"href":"https:\/\/podiatrymiami.net\/es\/wp-json\/wp\/v2\/media?parent=234"}],"curies":[{"name":"wp","href":"https:\/\/api.w.org\/{rel}","templated":true}]}}