{"id":237,"date":"2016-01-22T22:56:52","date_gmt":"2016-01-22T22:56:52","guid":{"rendered":"https:\/\/podiatrymiami.net\/?page_id=237&#038;lang=es"},"modified":"2019-07-03T17:36:03","modified_gmt":"2019-07-03T17:36:03","slug":"formularios","status":"publish","type":"page","link":"https:\/\/podiatrymiami.net\/es\/formularios\/","title":{"rendered":"Formularios"},"content":{"rendered":"<p>Por favor descargue el formulario que se aplica a usted, compl\u00e9telo\u00a0y tr\u00e1igalo\u00a0a nuestra oficina el d\u00eda de su visita o simplemente env\u00edelo por correo electr\u00f3nico <a href=\"mailto:info@podiatrymiami.net\">info@podiatrymiami.net <\/a>o por fax al (305) 459-3971.<\/p>\n<ul class=\"pdf-form\">\n<li><img decoding=\"async\" src=\"https:\/\/podiatrymiami.net\/wp-content\/plugins\/custom-post-type-pdf-attachment\/images\/pdf.png\" \/> <a href=\"https:\/\/podiatrymiami.net\/wp-content\/uploads\/new-patient-registration-form-3.pdf\" target=\"_self\" rel=\"noopener noreferrer\">Nuevo Paciente<\/a><\/li>\n<li><img decoding=\"async\" src=\"https:\/\/podiatrymiami.net\/wp-content\/plugins\/custom-post-type-pdf-attachment\/images\/pdf.png\" \/> <a href=\"https:\/\/podiatrymiami.net\/es\/politica-de-privacidad\/\" target=\"_self\" rel=\"noopener noreferrer\">Formulario de Privacidad<\/a><\/li>\n<\/ul>\n","protected":false},"excerpt":{"rendered":"<p>Por favor descargue el formulario que se aplica a usted, compl\u00e9telo\u00a0y tr\u00e1igalo\u00a0a nuestra oficina el d\u00eda de su visita o simplemente env\u00edelo por correo electr\u00f3nico info@podiatrymiami.net o por fax al (305) 459-3971. Nuevo Paciente Formulario de Privacidad<\/p>\n","protected":false},"author":1,"featured_media":437,"parent":0,"menu_order":7,"comment_status":"closed","ping_status":"closed","template":"patients-form.php","meta":{"footnotes":""},"class_list":["post-237","page","type-page","status-publish","has-post-thumbnail","hentry"],"yoast_head":"<!-- This site is optimized with the Yoast SEO Premium plugin v26.7 (Yoast SEO v26.7) - https:\/\/yoast.com\/wordpress\/plugins\/seo\/ -->\n<title>M\u00e9dico de Pie y Tobillo Facturas de Pie Tratamientos Pie Diabetico<\/title>\n<meta name=\"description\" content=\"Tratamientos para lesiones de pie, facturas de pie y tobillo, verrrugas plantares, fascitis plantar, Cuidado de Pie con Artritis, Doral, Miami.\" \/>\n<meta name=\"robots\" content=\"index, follow, max-snippet:-1, max-image-preview:large, max-video-preview:-1\" \/>\n<link rel=\"canonical\" href=\"https:\/\/podiatrymiami.net\/es\/formularios\/\" \/>\n<meta property=\"og:locale\" content=\"es_ES\" \/>\n<meta property=\"og:type\" content=\"article\" \/>\n<meta property=\"og:title\" content=\"Formularios\" \/>\n<meta property=\"og:description\" content=\"Tratamientos para lesiones de pie, facturas de pie y tobillo, verrrugas plantares, fascitis plantar, Cuidado de Pie con Artritis, Doral, Miami.\" \/>\n<meta property=\"og:url\" content=\"https:\/\/podiatrymiami.net\/es\/formularios\/\" \/>\n<meta property=\"og:site_name\" content=\"Podiatric Medicine &amp; Surgery\" \/>\n<meta property=\"article:modified_time\" content=\"2019-07-03T17:36:03+00:00\" \/>\n<meta property=\"og:image\" content=\"https:\/\/podiatrymiami.net\/wp-content\/uploads\/2016\/01\/foot-fracture-care-coral-gables.png\" \/>\n\t<meta property=\"og:image:width\" content=\"389\" \/>\n\t<meta property=\"og:image:height\" content=\"460\" \/>\n\t<meta property=\"og:image:type\" content=\"image\/png\" \/>\n<meta name=\"twitter:card\" content=\"summary_large_image\" \/>\n<script type=\"application\/ld+json\" class=\"yoast-schema-graph\">{\"@context\":\"https:\/\/schema.org\",\"@graph\":[{\"@type\":\"WebPage\",\"@id\":\"https:\/\/podiatrymiami.net\/es\/formularios\/\",\"url\":\"https:\/\/podiatrymiami.net\/es\/formularios\/\",\"name\":\"M\u00e9dico de Pie y Tobillo Facturas de Pie Tratamientos Pie Diabetico\",\"isPartOf\":{\"@id\":\"https:\/\/podiatrymiami.net\/es\/#website\"},\"primaryImageOfPage\":{\"@id\":\"https:\/\/podiatrymiami.net\/es\/formularios\/#primaryimage\"},\"image\":{\"@id\":\"https:\/\/podiatrymiami.net\/es\/formularios\/#primaryimage\"},\"thumbnailUrl\":\"https:\/\/podiatrymiami.net\/wp-content\/uploads\/2016\/01\/foot-fracture-care-coral-gables.png\",\"datePublished\":\"2016-01-22T22:56:52+00:00\",\"dateModified\":\"2019-07-03T17:36:03+00:00\",\"description\":\"Tratamientos para lesiones de pie, facturas de pie y tobillo, verrrugas plantares, fascitis plantar, Cuidado de Pie con Artritis, Doral, Miami.\",\"breadcrumb\":{\"@id\":\"https:\/\/podiatrymiami.net\/es\/formularios\/#breadcrumb\"},\"inLanguage\":\"es\",\"potentialAction\":[{\"@type\":\"ReadAction\",\"target\":[\"https:\/\/podiatrymiami.net\/es\/formularios\/\"]}]},{\"@type\":\"ImageObject\",\"inLanguage\":\"es\",\"@id\":\"https:\/\/podiatrymiami.net\/es\/formularios\/#primaryimage\",\"url\":\"https:\/\/podiatrymiami.net\/wp-content\/uploads\/2016\/01\/foot-fracture-care-coral-gables.png\",\"contentUrl\":\"https:\/\/podiatrymiami.net\/wp-content\/uploads\/2016\/01\/foot-fracture-care-coral-gables.png\",\"width\":389,\"height\":460,\"caption\":\"Foot Fracture Care Ankle Instability Coral Gables\"},{\"@type\":\"BreadcrumbList\",\"@id\":\"https:\/\/podiatrymiami.net\/es\/formularios\/#breadcrumb\",\"itemListElement\":[{\"@type\":\"ListItem\",\"position\":1,\"name\":\"Home\",\"item\":\"https:\/\/podiatrymiami.net\/es\/\"},{\"@type\":\"ListItem\",\"position\":2,\"name\":\"Formularios\"}]},{\"@type\":\"WebSite\",\"@id\":\"https:\/\/podiatrymiami.net\/es\/#website\",\"url\":\"https:\/\/podiatrymiami.net\/es\/\",\"name\":\"Podiatric Medicine &amp; Surgery\",\"description\":\"MariaInes Apolo, DPM\",\"publisher\":{\"@id\":\"https:\/\/podiatrymiami.net\/es\/#organization\"},\"potentialAction\":[{\"@type\":\"SearchAction\",\"target\":{\"@type\":\"EntryPoint\",\"urlTemplate\":\"https:\/\/podiatrymiami.net\/es\/?s={search_term_string}\"},\"query-input\":{\"@type\":\"PropertyValueSpecification\",\"valueRequired\":true,\"valueName\":\"search_term_string\"}}],\"inLanguage\":\"es\"},{\"@type\":\"Organization\",\"@id\":\"https:\/\/podiatrymiami.net\/es\/#organization\",\"name\":\"MariaInes Apolo D.P.M. | Podiatric Medicine & Surgery\",\"url\":\"https:\/\/podiatrymiami.net\/es\/\",\"logo\":{\"@type\":\"ImageObject\",\"inLanguage\":\"es\",\"@id\":\"https:\/\/podiatrymiami.net\/es\/#\/schema\/logo\/image\/\",\"url\":\"https:\/\/podiatrymiami.net\/wp-content\/uploads\/ines-apolo-dpm-1.png\",\"contentUrl\":\"https:\/\/podiatrymiami.net\/wp-content\/uploads\/ines-apolo-dpm-1.png\",\"width\":587,\"height\":341,\"caption\":\"MariaInes Apolo D.P.M. | Podiatric Medicine & Surgery\"},\"image\":{\"@id\":\"https:\/\/podiatrymiami.net\/es\/#\/schema\/logo\/image\/\"}}]}<\/script>\n<!-- \/ Yoast SEO Premium plugin. -->","yoast_head_json":{"title":"M\u00e9dico de Pie y Tobillo Facturas de Pie Tratamientos Pie Diabetico","description":"Tratamientos para lesiones de pie, facturas de pie y tobillo, verrrugas plantares, fascitis plantar, Cuidado de Pie con Artritis, Doral, Miami.","robots":{"index":"index","follow":"follow","max-snippet":"max-snippet:-1","max-image-preview":"max-image-preview:large","max-video-preview":"max-video-preview:-1"},"canonical":"https:\/\/podiatrymiami.net\/es\/formularios\/","og_locale":"es_ES","og_type":"article","og_title":"Formularios","og_description":"Tratamientos para lesiones de pie, facturas de pie y tobillo, verrrugas plantares, fascitis plantar, Cuidado de Pie con Artritis, Doral, Miami.","og_url":"https:\/\/podiatrymiami.net\/es\/formularios\/","og_site_name":"Podiatric Medicine &amp; Surgery","article_modified_time":"2019-07-03T17:36:03+00:00","og_image":[{"width":389,"height":460,"url":"https:\/\/podiatrymiami.net\/wp-content\/uploads\/2016\/01\/foot-fracture-care-coral-gables.png","type":"image\/png"}],"twitter_card":"summary_large_image","schema":{"@context":"https:\/\/schema.org","@graph":[{"@type":"WebPage","@id":"https:\/\/podiatrymiami.net\/es\/formularios\/","url":"https:\/\/podiatrymiami.net\/es\/formularios\/","name":"M\u00e9dico de Pie y Tobillo Facturas de Pie Tratamientos Pie Diabetico","isPartOf":{"@id":"https:\/\/podiatrymiami.net\/es\/#website"},"primaryImageOfPage":{"@id":"https:\/\/podiatrymiami.net\/es\/formularios\/#primaryimage"},"image":{"@id":"https:\/\/podiatrymiami.net\/es\/formularios\/#primaryimage"},"thumbnailUrl":"https:\/\/podiatrymiami.net\/wp-content\/uploads\/2016\/01\/foot-fracture-care-coral-gables.png","datePublished":"2016-01-22T22:56:52+00:00","dateModified":"2019-07-03T17:36:03+00:00","description":"Tratamientos para lesiones de pie, facturas de pie y tobillo, verrrugas plantares, fascitis plantar, Cuidado de Pie con Artritis, Doral, Miami.","breadcrumb":{"@id":"https:\/\/podiatrymiami.net\/es\/formularios\/#breadcrumb"},"inLanguage":"es","potentialAction":[{"@type":"ReadAction","target":["https:\/\/podiatrymiami.net\/es\/formularios\/"]}]},{"@type":"ImageObject","inLanguage":"es","@id":"https:\/\/podiatrymiami.net\/es\/formularios\/#primaryimage","url":"https:\/\/podiatrymiami.net\/wp-content\/uploads\/2016\/01\/foot-fracture-care-coral-gables.png","contentUrl":"https:\/\/podiatrymiami.net\/wp-content\/uploads\/2016\/01\/foot-fracture-care-coral-gables.png","width":389,"height":460,"caption":"Foot Fracture Care Ankle Instability Coral Gables"},{"@type":"BreadcrumbList","@id":"https:\/\/podiatrymiami.net\/es\/formularios\/#breadcrumb","itemListElement":[{"@type":"ListItem","position":1,"name":"Home","item":"https:\/\/podiatrymiami.net\/es\/"},{"@type":"ListItem","position":2,"name":"Formularios"}]},{"@type":"WebSite","@id":"https:\/\/podiatrymiami.net\/es\/#website","url":"https:\/\/podiatrymiami.net\/es\/","name":"Podiatric Medicine &amp; Surgery","description":"MariaInes Apolo, DPM","publisher":{"@id":"https:\/\/podiatrymiami.net\/es\/#organization"},"potentialAction":[{"@type":"SearchAction","target":{"@type":"EntryPoint","urlTemplate":"https:\/\/podiatrymiami.net\/es\/?s={search_term_string}"},"query-input":{"@type":"PropertyValueSpecification","valueRequired":true,"valueName":"search_term_string"}}],"inLanguage":"es"},{"@type":"Organization","@id":"https:\/\/podiatrymiami.net\/es\/#organization","name":"MariaInes Apolo D.P.M. | Podiatric Medicine & Surgery","url":"https:\/\/podiatrymiami.net\/es\/","logo":{"@type":"ImageObject","inLanguage":"es","@id":"https:\/\/podiatrymiami.net\/es\/#\/schema\/logo\/image\/","url":"https:\/\/podiatrymiami.net\/wp-content\/uploads\/ines-apolo-dpm-1.png","contentUrl":"https:\/\/podiatrymiami.net\/wp-content\/uploads\/ines-apolo-dpm-1.png","width":587,"height":341,"caption":"MariaInes Apolo D.P.M. | Podiatric Medicine & Surgery"},"image":{"@id":"https:\/\/podiatrymiami.net\/es\/#\/schema\/logo\/image\/"}}]}},"_links":{"self":[{"href":"https:\/\/podiatrymiami.net\/es\/wp-json\/wp\/v2\/pages\/237","targetHints":{"allow":["GET"]}}],"collection":[{"href":"https:\/\/podiatrymiami.net\/es\/wp-json\/wp\/v2\/pages"}],"about":[{"href":"https:\/\/podiatrymiami.net\/es\/wp-json\/wp\/v2\/types\/page"}],"author":[{"embeddable":true,"href":"https:\/\/podiatrymiami.net\/es\/wp-json\/wp\/v2\/users\/1"}],"replies":[{"embeddable":true,"href":"https:\/\/podiatrymiami.net\/es\/wp-json\/wp\/v2\/comments?post=237"}],"version-history":[{"count":9,"href":"https:\/\/podiatrymiami.net\/es\/wp-json\/wp\/v2\/pages\/237\/revisions"}],"predecessor-version":[{"id":1038,"href":"https:\/\/podiatrymiami.net\/es\/wp-json\/wp\/v2\/pages\/237\/revisions\/1038"}],"wp:featuredmedia":[{"embeddable":true,"href":"https:\/\/podiatrymiami.net\/es\/wp-json\/wp\/v2\/media\/437"}],"wp:attachment":[{"href":"https:\/\/podiatrymiami.net\/es\/wp-json\/wp\/v2\/media?parent=237"}],"curies":[{"name":"wp","href":"https:\/\/api.w.org\/{rel}","templated":true}]}}