{"id":239,"date":"2016-01-22T22:57:44","date_gmt":"2016-01-22T22:57:44","guid":{"rendered":"https:\/\/podiatrymiami.net\/?page_id=239&#038;lang=es"},"modified":"2023-12-30T21:49:59","modified_gmt":"2023-12-30T21:49:59","slug":"pacientes-internacionales","status":"publish","type":"page","link":"https:\/\/podiatrymiami.net\/es\/pacientes-internacionales\/","title":{"rendered":"Pacientes internacionales"},"content":{"rendered":"<p><strong>Preguntas<\/strong><br \/>\nPara hablar con un representante, llame al<br \/>\n<a href=\"tel:13056444900\">+1-305-644-4900<\/a><br \/>\n(De lunes a viernes, de 9:30 a 16:30, hora est\u00e1ndar del este).<\/p>\n<p><img loading=\"lazy\" decoding=\"async\" class=\"alignnone size-full wp-image-95\" src=\"https:\/\/podiatrymiami.net\/wp-content\/uploads\/2016\/01\/inner.png\" alt=\"interior\" width=\"498\" height=\"345\" srcset=\"https:\/\/podiatrymiami.net\/wp-content\/uploads\/2016\/01\/inner.png 498w, https:\/\/podiatrymiami.net\/wp-content\/uploads\/2016\/01\/inner-300x208.png 300w\" sizes=\"auto, (max-width: 498px) 85vw, 498px\" \/><\/p>\n","protected":false},"excerpt":{"rendered":"<p>Preguntas Para hablar con un representante, llame al +1-305-644-4900 (De lunes a viernes, de 9:30 a 16:30, hora est\u00e1ndar del este).<\/p>\n","protected":false},"author":1,"featured_media":0,"parent":0,"menu_order":4,"comment_status":"closed","ping_status":"closed","template":"appointment.php","meta":{"footnotes":""},"class_list":["post-239","page","type-page","status-publish","hentry"],"yoast_head":"<!-- This site is optimized with the Yoast SEO Premium plugin v26.7 (Yoast SEO v26.7) - https:\/\/yoast.com\/wordpress\/plugins\/seo\/ -->\n<title>Podiatr\u00eda Miami Cuidado del pie diab\u00e9tico Terapia PRP para el tobillo<\/title>\n<meta name=\"description\" content=\"Tratamos a pacientes de todo el mundo, Podolog\u00eda para: Hongos en las u\u00f1as de los pies Fascitis plantar U\u00f1as encarnadas Tendinitis aquilea Juanetes Tratamiento KeryFlex\" \/>\n<meta name=\"robots\" content=\"index, follow, max-snippet:-1, max-image-preview:large, max-video-preview:-1\" \/>\n<link rel=\"canonical\" href=\"https:\/\/podiatrymiami.net\/es\/pacientes-internacionales\/\" \/>\n<meta property=\"og:locale\" content=\"es_ES\" \/>\n<meta property=\"og:type\" content=\"article\" \/>\n<meta property=\"og:title\" content=\"Pacientes internacionales\" \/>\n<meta property=\"og:description\" content=\"Tratamos a pacientes de todo el mundo, Podolog\u00eda para: Hongos en las u\u00f1as de los pies Fascitis plantar U\u00f1as encarnadas Tendinitis aquilea Juanetes Tratamiento KeryFlex\" \/>\n<meta property=\"og:url\" content=\"https:\/\/podiatrymiami.net\/es\/pacientes-internacionales\/\" \/>\n<meta property=\"og:site_name\" content=\"Podiatric Medicine &amp; Surgery\" \/>\n<meta property=\"article:modified_time\" content=\"2023-12-30T21:49:59+00:00\" \/>\n<meta property=\"og:image\" content=\"https:\/\/podiatrymiami.net\/wp-content\/uploads\/2016\/01\/inner.png\" \/>\n<meta name=\"twitter:card\" content=\"summary_large_image\" \/>\n<script type=\"application\/ld+json\" class=\"yoast-schema-graph\">{\"@context\":\"https:\/\/schema.org\",\"@graph\":[{\"@type\":\"WebPage\",\"@id\":\"https:\/\/podiatrymiami.net\/es\/pacientes-internacionales\/\",\"url\":\"https:\/\/podiatrymiami.net\/es\/pacientes-internacionales\/\",\"name\":\"Podiatr\u00eda Miami Cuidado del pie diab\u00e9tico Terapia PRP para el tobillo\",\"isPartOf\":{\"@id\":\"https:\/\/podiatrymiami.net\/es\/#website\"},\"primaryImageOfPage\":{\"@id\":\"https:\/\/podiatrymiami.net\/es\/pacientes-internacionales\/#primaryimage\"},\"image\":{\"@id\":\"https:\/\/podiatrymiami.net\/es\/pacientes-internacionales\/#primaryimage\"},\"thumbnailUrl\":\"https:\/\/podiatrymiami.net\/wp-content\/uploads\/2016\/01\/inner.png\",\"datePublished\":\"2016-01-22T22:57:44+00:00\",\"dateModified\":\"2023-12-30T21:49:59+00:00\",\"description\":\"Tratamos a pacientes de todo el mundo, Podolog\u00eda para: Hongos en las u\u00f1as de los pies Fascitis plantar U\u00f1as encarnadas Tendinitis aquilea Juanetes Tratamiento KeryFlex\",\"breadcrumb\":{\"@id\":\"https:\/\/podiatrymiami.net\/es\/pacientes-internacionales\/#breadcrumb\"},\"inLanguage\":\"es\",\"potentialAction\":[{\"@type\":\"ReadAction\",\"target\":[\"https:\/\/podiatrymiami.net\/es\/pacientes-internacionales\/\"]}]},{\"@type\":\"ImageObject\",\"inLanguage\":\"es\",\"@id\":\"https:\/\/podiatrymiami.net\/es\/pacientes-internacionales\/#primaryimage\",\"url\":\"https:\/\/podiatrymiami.net\/wp-content\/uploads\/2016\/01\/inner.png\",\"contentUrl\":\"https:\/\/podiatrymiami.net\/wp-content\/uploads\/2016\/01\/inner.png\"},{\"@type\":\"BreadcrumbList\",\"@id\":\"https:\/\/podiatrymiami.net\/es\/pacientes-internacionales\/#breadcrumb\",\"itemListElement\":[{\"@type\":\"ListItem\",\"position\":1,\"name\":\"Home\",\"item\":\"https:\/\/podiatrymiami.net\/es\/\"},{\"@type\":\"ListItem\",\"position\":2,\"name\":\"Pacientes internacionales\"}]},{\"@type\":\"WebSite\",\"@id\":\"https:\/\/podiatrymiami.net\/es\/#website\",\"url\":\"https:\/\/podiatrymiami.net\/es\/\",\"name\":\"Podiatric Medicine &amp; Surgery\",\"description\":\"MariaInes Apolo, DPM\",\"publisher\":{\"@id\":\"https:\/\/podiatrymiami.net\/es\/#organization\"},\"potentialAction\":[{\"@type\":\"SearchAction\",\"target\":{\"@type\":\"EntryPoint\",\"urlTemplate\":\"https:\/\/podiatrymiami.net\/es\/?s={search_term_string}\"},\"query-input\":{\"@type\":\"PropertyValueSpecification\",\"valueRequired\":true,\"valueName\":\"search_term_string\"}}],\"inLanguage\":\"es\"},{\"@type\":\"Organization\",\"@id\":\"https:\/\/podiatrymiami.net\/es\/#organization\",\"name\":\"MariaInes Apolo D.P.M. | Podiatric Medicine & Surgery\",\"url\":\"https:\/\/podiatrymiami.net\/es\/\",\"logo\":{\"@type\":\"ImageObject\",\"inLanguage\":\"es\",\"@id\":\"https:\/\/podiatrymiami.net\/es\/#\/schema\/logo\/image\/\",\"url\":\"https:\/\/podiatrymiami.net\/wp-content\/uploads\/ines-apolo-dpm-1.png\",\"contentUrl\":\"https:\/\/podiatrymiami.net\/wp-content\/uploads\/ines-apolo-dpm-1.png\",\"width\":587,\"height\":341,\"caption\":\"MariaInes Apolo D.P.M. | Podiatric Medicine & Surgery\"},\"image\":{\"@id\":\"https:\/\/podiatrymiami.net\/es\/#\/schema\/logo\/image\/\"}}]}<\/script>\n<!-- \/ Yoast SEO Premium plugin. -->","yoast_head_json":{"title":"Podiatr\u00eda Miami Cuidado del pie diab\u00e9tico Terapia PRP para el tobillo","description":"Tratamos a pacientes de todo el mundo, Podolog\u00eda para: Hongos en las u\u00f1as de los pies Fascitis plantar U\u00f1as encarnadas Tendinitis aquilea Juanetes Tratamiento KeryFlex","robots":{"index":"index","follow":"follow","max-snippet":"max-snippet:-1","max-image-preview":"max-image-preview:large","max-video-preview":"max-video-preview:-1"},"canonical":"https:\/\/podiatrymiami.net\/es\/pacientes-internacionales\/","og_locale":"es_ES","og_type":"article","og_title":"Pacientes internacionales","og_description":"Tratamos a pacientes de todo el mundo, Podolog\u00eda para: Hongos en las u\u00f1as de los pies Fascitis plantar U\u00f1as encarnadas Tendinitis aquilea Juanetes Tratamiento KeryFlex","og_url":"https:\/\/podiatrymiami.net\/es\/pacientes-internacionales\/","og_site_name":"Podiatric Medicine &amp; Surgery","article_modified_time":"2023-12-30T21:49:59+00:00","og_image":[{"url":"https:\/\/podiatrymiami.net\/wp-content\/uploads\/2016\/01\/inner.png","type":"","width":"","height":""}],"twitter_card":"summary_large_image","schema":{"@context":"https:\/\/schema.org","@graph":[{"@type":"WebPage","@id":"https:\/\/podiatrymiami.net\/es\/pacientes-internacionales\/","url":"https:\/\/podiatrymiami.net\/es\/pacientes-internacionales\/","name":"Podiatr\u00eda Miami Cuidado del pie diab\u00e9tico Terapia PRP para el tobillo","isPartOf":{"@id":"https:\/\/podiatrymiami.net\/es\/#website"},"primaryImageOfPage":{"@id":"https:\/\/podiatrymiami.net\/es\/pacientes-internacionales\/#primaryimage"},"image":{"@id":"https:\/\/podiatrymiami.net\/es\/pacientes-internacionales\/#primaryimage"},"thumbnailUrl":"https:\/\/podiatrymiami.net\/wp-content\/uploads\/2016\/01\/inner.png","datePublished":"2016-01-22T22:57:44+00:00","dateModified":"2023-12-30T21:49:59+00:00","description":"Tratamos a pacientes de todo el mundo, Podolog\u00eda para: Hongos en las u\u00f1as de los pies Fascitis plantar U\u00f1as encarnadas Tendinitis aquilea Juanetes Tratamiento KeryFlex","breadcrumb":{"@id":"https:\/\/podiatrymiami.net\/es\/pacientes-internacionales\/#breadcrumb"},"inLanguage":"es","potentialAction":[{"@type":"ReadAction","target":["https:\/\/podiatrymiami.net\/es\/pacientes-internacionales\/"]}]},{"@type":"ImageObject","inLanguage":"es","@id":"https:\/\/podiatrymiami.net\/es\/pacientes-internacionales\/#primaryimage","url":"https:\/\/podiatrymiami.net\/wp-content\/uploads\/2016\/01\/inner.png","contentUrl":"https:\/\/podiatrymiami.net\/wp-content\/uploads\/2016\/01\/inner.png"},{"@type":"BreadcrumbList","@id":"https:\/\/podiatrymiami.net\/es\/pacientes-internacionales\/#breadcrumb","itemListElement":[{"@type":"ListItem","position":1,"name":"Home","item":"https:\/\/podiatrymiami.net\/es\/"},{"@type":"ListItem","position":2,"name":"Pacientes internacionales"}]},{"@type":"WebSite","@id":"https:\/\/podiatrymiami.net\/es\/#website","url":"https:\/\/podiatrymiami.net\/es\/","name":"Podiatric Medicine &amp; Surgery","description":"MariaInes Apolo, DPM","publisher":{"@id":"https:\/\/podiatrymiami.net\/es\/#organization"},"potentialAction":[{"@type":"SearchAction","target":{"@type":"EntryPoint","urlTemplate":"https:\/\/podiatrymiami.net\/es\/?s={search_term_string}"},"query-input":{"@type":"PropertyValueSpecification","valueRequired":true,"valueName":"search_term_string"}}],"inLanguage":"es"},{"@type":"Organization","@id":"https:\/\/podiatrymiami.net\/es\/#organization","name":"MariaInes Apolo D.P.M. | Podiatric Medicine & Surgery","url":"https:\/\/podiatrymiami.net\/es\/","logo":{"@type":"ImageObject","inLanguage":"es","@id":"https:\/\/podiatrymiami.net\/es\/#\/schema\/logo\/image\/","url":"https:\/\/podiatrymiami.net\/wp-content\/uploads\/ines-apolo-dpm-1.png","contentUrl":"https:\/\/podiatrymiami.net\/wp-content\/uploads\/ines-apolo-dpm-1.png","width":587,"height":341,"caption":"MariaInes Apolo D.P.M. | Podiatric Medicine & Surgery"},"image":{"@id":"https:\/\/podiatrymiami.net\/es\/#\/schema\/logo\/image\/"}}]}},"_links":{"self":[{"href":"https:\/\/podiatrymiami.net\/es\/wp-json\/wp\/v2\/pages\/239","targetHints":{"allow":["GET"]}}],"collection":[{"href":"https:\/\/podiatrymiami.net\/es\/wp-json\/wp\/v2\/pages"}],"about":[{"href":"https:\/\/podiatrymiami.net\/es\/wp-json\/wp\/v2\/types\/page"}],"author":[{"embeddable":true,"href":"https:\/\/podiatrymiami.net\/es\/wp-json\/wp\/v2\/users\/1"}],"replies":[{"embeddable":true,"href":"https:\/\/podiatrymiami.net\/es\/wp-json\/wp\/v2\/comments?post=239"}],"version-history":[{"count":13,"href":"https:\/\/podiatrymiami.net\/es\/wp-json\/wp\/v2\/pages\/239\/revisions"}],"predecessor-version":[{"id":1082,"href":"https:\/\/podiatrymiami.net\/es\/wp-json\/wp\/v2\/pages\/239\/revisions\/1082"}],"wp:attachment":[{"href":"https:\/\/podiatrymiami.net\/es\/wp-json\/wp\/v2\/media?parent=239"}],"curies":[{"name":"wp","href":"https:\/\/api.w.org\/{rel}","templated":true}]}}