{"id":249,"date":"2016-01-22T23:01:13","date_gmt":"2016-01-22T23:01:13","guid":{"rendered":"https:\/\/podiatrymiami.net\/?page_id=249&#038;lang=es"},"modified":"2025-01-19T01:56:06","modified_gmt":"2025-01-19T01:56:06","slug":"sin-seguro-medico","status":"publish","type":"page","link":"https:\/\/podiatrymiami.net\/es\/sin-seguro-medico\/","title":{"rendered":"Pacientes no asegurados"},"content":{"rendered":"<p style=\"text-align: justify;\">A continuaci\u00f3n encontrar\u00e1 nuestra lista actual de servicios y tarifas:<\/p>\n<table border=\"0\" width=\"100%\" cellspacing=\"4\" cellpadding=\"0\">\n<tbody>\n<tr>\n<td colspan=\"2\" valign=\"bottom\" height=\"74\">\n<h3><strong><br \/>\nServicios de oficina<\/strong><\/h3>\n<\/td>\n<\/tr>\n<tr>\n<td width=\"75%\">Visita a la oficina<\/td>\n<td width=\"25%\">$150<\/td>\n<\/tr>\n<tr>\n<td>Cuidado rutinario de los pies<\/td>\n<td>$50<\/td>\n<\/tr>\n<tr>\n<td>U\u00f1a encarnada<\/td>\n<td>$325 <em>(cada uno) <\/em> <\/td>\n<\/tr>\n<tr>\n<td>Visita de seguimiento<\/td>\n<td>$100<\/td>\n<\/tr>\n<tr>\n<td>Biopsia de u\u00f1as<\/td>\n<td>$125<\/td>\n<\/tr>\n<tr>\n<td>Inyecci\u00f3n en el tal\u00f3n<\/td>\n<td>$125<\/td>\n<\/tr>\n<tr>\n<td colspan=\"2\" valign=\"bottom\" height=\"74\">\n<h3><strong><a href=\"https:\/\/podiatrymiami.net\/podiatry_services\/platelet-rich-plasma-prp\/\"><br \/>\nPlasma rico en plaquetas &#8211; PRP<\/a><\/strong><\/h3>\n<\/td>\n<\/tr>\n<tr>\n<td>Primer tratamiento: <em>se requiere un dep\u00f3sito para el primer tratamiento<\/em><\/td>\n<td>475 $ <em>(dep\u00f3sito de 150 $)<\/em><\/td>\n<\/tr>\n<tr>\n<td>Tratamientos de seguimiento<\/td>\n<td>$375<\/td>\n<\/tr>\n<tr>\n<td><\/td>\n<td><\/td>\n<\/tr>\n<tr>\n<td colspan=\"2\" valign=\"bottom\" height=\"74\">\n<h3><strong><a href=\"https:\/\/podiatrymiami.net\/podiatry_services\/kerflex-nail-restoration-treatment\/\"><br \/>\nTratamiento restaurador de u\u00f1as Kerflex<\/a><\/strong><\/h3>\n<\/td>\n<\/tr>\n<tr>\n<td>Una u\u00f1a del pie &#8211; Primer tratamiento<\/td>\n<td>$170<\/td>\n<\/tr>\n<tr>\n<td>Una u\u00f1a del pie &#8211; Segundo tratamiento<\/td>\n<td>$100<\/td>\n<\/tr>\n<tr>\n<td>Hallux bilateral &#8211; Primer tratamiento<\/td>\n<td>$250<\/td>\n<\/tr>\n<tr>\n<td>Hallux bilateral &#8211; Segundo tratamiento<\/td>\n<td>$175<\/td>\n<\/tr>\n<tr>\n<td>Todas las u\u00f1as de los pies bilaterales &#8211; Primer tratamiento<\/td>\n<td>$400<\/td>\n<\/tr>\n<tr>\n<td>Todas las u\u00f1as de los pies bilaterales &#8211; Segundo tratamiento<\/td>\n<td>$320<\/td>\n<\/tr>\n<tr>\n<td>3 U\u00f1as de los pies &#8211; Primer tratamiento<\/td>\n<td>$300<\/td>\n<\/tr>\n<tr>\n<td>3 U\u00f1as de los pies &#8211; Segundo tratamiento<\/td>\n<td>$240<\/td>\n<\/tr>\n<tr>\n<td>4 U\u00f1as de los pies &#8211; Primer tratamiento<\/td>\n<td>$325<\/td>\n<\/tr>\n<tr>\n<td>4 U\u00f1as de los pies &#8211; Segundo tratamiento<\/td>\n<td>$260<\/td>\n<\/tr>\n<\/tbody>\n<\/table>\n<div class=\"app-btn app-btn_reqst\"><a href=\"\/request-an-appointment\/\">Solicitar una cita <\/a><\/div>\n","protected":false},"excerpt":{"rendered":"<p>A continuaci\u00f3n encontrar\u00e1 nuestra lista actual de servicios y tarifas: Servicios de oficina Visita a la oficina $150 Cuidado rutinario de los pies $50 U\u00f1a encarnada $325 (cada uno) Visita de seguimiento $100 Biopsia de u\u00f1as $125 Inyecci\u00f3n en el tal\u00f3n $125 Plasma rico en plaquetas &#8211; PRP Primer tratamiento: se requiere un dep\u00f3sito para &hellip; <a href=\"https:\/\/podiatrymiami.net\/es\/sin-seguro-medico\/\" class=\"more-link\">Continuar leyendo<span class=\"screen-reader-text\"> \u00abPacientes no asegurados\u00bb<\/span><\/a><\/p>\n","protected":false},"author":1,"featured_media":0,"parent":0,"menu_order":10,"comment_status":"closed","ping_status":"closed","template":"appointment.php","meta":{"footnotes":""},"class_list":["post-249","page","type-page","status-publish","hentry"],"yoast_head":"<!-- This site is optimized with the Yoast SEO Premium plugin v26.7 (Yoast SEO v26.7) - https:\/\/yoast.com\/wordpress\/plugins\/seo\/ -->\n<title>Foot Doctor Miami Tratamientos de tobillo Kerflex Restauraci\u00f3n de u\u00f1as<\/title>\n<meta name=\"description\" content=\"Cirug\u00eda del pie Miami cuidado rutinario de los pies, radiograf\u00edas del pie U\u00f1a encarnada Cam Walker Biopsia de u\u00f1a Inyecci\u00f3n de tal\u00f3n Kerflex Restauraci\u00f3n de u\u00f1a Plasma rico en plaquetas.\" \/>\n<meta name=\"robots\" content=\"index, follow, max-snippet:-1, max-image-preview:large, max-video-preview:-1\" \/>\n<link rel=\"canonical\" href=\"https:\/\/podiatrymiami.net\/es\/sin-seguro-medico\/\" \/>\n<meta property=\"og:locale\" content=\"es_ES\" \/>\n<meta property=\"og:type\" content=\"article\" \/>\n<meta property=\"og:title\" content=\"Pacientes no asegurados\" \/>\n<meta property=\"og:description\" content=\"Cirug\u00eda del pie Miami cuidado rutinario de los pies, radiograf\u00edas del pie U\u00f1a encarnada Cam Walker Biopsia de u\u00f1a Inyecci\u00f3n de tal\u00f3n Kerflex Restauraci\u00f3n de u\u00f1a Plasma rico en plaquetas.\" \/>\n<meta property=\"og:url\" content=\"https:\/\/podiatrymiami.net\/es\/sin-seguro-medico\/\" \/>\n<meta property=\"og:site_name\" content=\"Podiatric Medicine &amp; Surgery\" \/>\n<meta property=\"article:modified_time\" content=\"2025-01-19T01:56:06+00:00\" \/>\n<meta name=\"twitter:card\" content=\"summary_large_image\" \/>\n<meta name=\"twitter:label1\" content=\"Tiempo de lectura\" \/>\n\t<meta name=\"twitter:data1\" content=\"1 minuto\" \/>\n<script type=\"application\/ld+json\" class=\"yoast-schema-graph\">{\"@context\":\"https:\/\/schema.org\",\"@graph\":[{\"@type\":\"WebPage\",\"@id\":\"https:\/\/podiatrymiami.net\/es\/sin-seguro-medico\/\",\"url\":\"https:\/\/podiatrymiami.net\/es\/sin-seguro-medico\/\",\"name\":\"Foot Doctor Miami Tratamientos de tobillo Kerflex Restauraci\u00f3n de u\u00f1as\",\"isPartOf\":{\"@id\":\"https:\/\/podiatrymiami.net\/es\/#website\"},\"datePublished\":\"2016-01-22T23:01:13+00:00\",\"dateModified\":\"2025-01-19T01:56:06+00:00\",\"description\":\"Cirug\u00eda del pie Miami cuidado rutinario de los pies, radiograf\u00edas del pie U\u00f1a encarnada Cam Walker Biopsia de u\u00f1a Inyecci\u00f3n de tal\u00f3n Kerflex Restauraci\u00f3n de u\u00f1a Plasma rico en plaquetas.\",\"breadcrumb\":{\"@id\":\"https:\/\/podiatrymiami.net\/es\/sin-seguro-medico\/#breadcrumb\"},\"inLanguage\":\"es\",\"potentialAction\":[{\"@type\":\"ReadAction\",\"target\":[\"https:\/\/podiatrymiami.net\/es\/sin-seguro-medico\/\"]}]},{\"@type\":\"BreadcrumbList\",\"@id\":\"https:\/\/podiatrymiami.net\/es\/sin-seguro-medico\/#breadcrumb\",\"itemListElement\":[{\"@type\":\"ListItem\",\"position\":1,\"name\":\"Home\",\"item\":\"https:\/\/podiatrymiami.net\/es\/\"},{\"@type\":\"ListItem\",\"position\":2,\"name\":\"Pacientes no asegurados\"}]},{\"@type\":\"WebSite\",\"@id\":\"https:\/\/podiatrymiami.net\/es\/#website\",\"url\":\"https:\/\/podiatrymiami.net\/es\/\",\"name\":\"Podiatric Medicine &amp; Surgery\",\"description\":\"MariaInes Apolo, DPM\",\"publisher\":{\"@id\":\"https:\/\/podiatrymiami.net\/es\/#organization\"},\"potentialAction\":[{\"@type\":\"SearchAction\",\"target\":{\"@type\":\"EntryPoint\",\"urlTemplate\":\"https:\/\/podiatrymiami.net\/es\/?s={search_term_string}\"},\"query-input\":{\"@type\":\"PropertyValueSpecification\",\"valueRequired\":true,\"valueName\":\"search_term_string\"}}],\"inLanguage\":\"es\"},{\"@type\":\"Organization\",\"@id\":\"https:\/\/podiatrymiami.net\/es\/#organization\",\"name\":\"MariaInes Apolo D.P.M. | Podiatric Medicine & Surgery\",\"url\":\"https:\/\/podiatrymiami.net\/es\/\",\"logo\":{\"@type\":\"ImageObject\",\"inLanguage\":\"es\",\"@id\":\"https:\/\/podiatrymiami.net\/es\/#\/schema\/logo\/image\/\",\"url\":\"https:\/\/podiatrymiami.net\/wp-content\/uploads\/ines-apolo-dpm-1.png\",\"contentUrl\":\"https:\/\/podiatrymiami.net\/wp-content\/uploads\/ines-apolo-dpm-1.png\",\"width\":587,\"height\":341,\"caption\":\"MariaInes Apolo D.P.M. | Podiatric Medicine & Surgery\"},\"image\":{\"@id\":\"https:\/\/podiatrymiami.net\/es\/#\/schema\/logo\/image\/\"}}]}<\/script>\n<!-- \/ Yoast SEO Premium plugin. -->","yoast_head_json":{"title":"Foot Doctor Miami Tratamientos de tobillo Kerflex Restauraci\u00f3n de u\u00f1as","description":"Cirug\u00eda del pie Miami cuidado rutinario de los pies, radiograf\u00edas del pie U\u00f1a encarnada Cam Walker Biopsia de u\u00f1a Inyecci\u00f3n de tal\u00f3n Kerflex Restauraci\u00f3n de u\u00f1a Plasma rico en plaquetas.","robots":{"index":"index","follow":"follow","max-snippet":"max-snippet:-1","max-image-preview":"max-image-preview:large","max-video-preview":"max-video-preview:-1"},"canonical":"https:\/\/podiatrymiami.net\/es\/sin-seguro-medico\/","og_locale":"es_ES","og_type":"article","og_title":"Pacientes no asegurados","og_description":"Cirug\u00eda del pie Miami cuidado rutinario de los pies, radiograf\u00edas del pie U\u00f1a encarnada Cam Walker Biopsia de u\u00f1a Inyecci\u00f3n de tal\u00f3n Kerflex Restauraci\u00f3n de u\u00f1a Plasma rico en plaquetas.","og_url":"https:\/\/podiatrymiami.net\/es\/sin-seguro-medico\/","og_site_name":"Podiatric Medicine &amp; Surgery","article_modified_time":"2025-01-19T01:56:06+00:00","twitter_card":"summary_large_image","twitter_misc":{"Tiempo de lectura":"1 minuto"},"schema":{"@context":"https:\/\/schema.org","@graph":[{"@type":"WebPage","@id":"https:\/\/podiatrymiami.net\/es\/sin-seguro-medico\/","url":"https:\/\/podiatrymiami.net\/es\/sin-seguro-medico\/","name":"Foot Doctor Miami Tratamientos de tobillo Kerflex Restauraci\u00f3n de u\u00f1as","isPartOf":{"@id":"https:\/\/podiatrymiami.net\/es\/#website"},"datePublished":"2016-01-22T23:01:13+00:00","dateModified":"2025-01-19T01:56:06+00:00","description":"Cirug\u00eda del pie Miami cuidado rutinario de los pies, radiograf\u00edas del pie U\u00f1a encarnada Cam Walker Biopsia de u\u00f1a Inyecci\u00f3n de tal\u00f3n Kerflex Restauraci\u00f3n de u\u00f1a Plasma rico en plaquetas.","breadcrumb":{"@id":"https:\/\/podiatrymiami.net\/es\/sin-seguro-medico\/#breadcrumb"},"inLanguage":"es","potentialAction":[{"@type":"ReadAction","target":["https:\/\/podiatrymiami.net\/es\/sin-seguro-medico\/"]}]},{"@type":"BreadcrumbList","@id":"https:\/\/podiatrymiami.net\/es\/sin-seguro-medico\/#breadcrumb","itemListElement":[{"@type":"ListItem","position":1,"name":"Home","item":"https:\/\/podiatrymiami.net\/es\/"},{"@type":"ListItem","position":2,"name":"Pacientes no asegurados"}]},{"@type":"WebSite","@id":"https:\/\/podiatrymiami.net\/es\/#website","url":"https:\/\/podiatrymiami.net\/es\/","name":"Podiatric Medicine &amp; Surgery","description":"MariaInes Apolo, DPM","publisher":{"@id":"https:\/\/podiatrymiami.net\/es\/#organization"},"potentialAction":[{"@type":"SearchAction","target":{"@type":"EntryPoint","urlTemplate":"https:\/\/podiatrymiami.net\/es\/?s={search_term_string}"},"query-input":{"@type":"PropertyValueSpecification","valueRequired":true,"valueName":"search_term_string"}}],"inLanguage":"es"},{"@type":"Organization","@id":"https:\/\/podiatrymiami.net\/es\/#organization","name":"MariaInes Apolo D.P.M. | Podiatric Medicine & Surgery","url":"https:\/\/podiatrymiami.net\/es\/","logo":{"@type":"ImageObject","inLanguage":"es","@id":"https:\/\/podiatrymiami.net\/es\/#\/schema\/logo\/image\/","url":"https:\/\/podiatrymiami.net\/wp-content\/uploads\/ines-apolo-dpm-1.png","contentUrl":"https:\/\/podiatrymiami.net\/wp-content\/uploads\/ines-apolo-dpm-1.png","width":587,"height":341,"caption":"MariaInes Apolo D.P.M. | Podiatric Medicine & Surgery"},"image":{"@id":"https:\/\/podiatrymiami.net\/es\/#\/schema\/logo\/image\/"}}]}},"_links":{"self":[{"href":"https:\/\/podiatrymiami.net\/es\/wp-json\/wp\/v2\/pages\/249","targetHints":{"allow":["GET"]}}],"collection":[{"href":"https:\/\/podiatrymiami.net\/es\/wp-json\/wp\/v2\/pages"}],"about":[{"href":"https:\/\/podiatrymiami.net\/es\/wp-json\/wp\/v2\/types\/page"}],"author":[{"embeddable":true,"href":"https:\/\/podiatrymiami.net\/es\/wp-json\/wp\/v2\/users\/1"}],"replies":[{"embeddable":true,"href":"https:\/\/podiatrymiami.net\/es\/wp-json\/wp\/v2\/comments?post=249"}],"version-history":[{"count":16,"href":"https:\/\/podiatrymiami.net\/es\/wp-json\/wp\/v2\/pages\/249\/revisions"}],"predecessor-version":[{"id":1085,"href":"https:\/\/podiatrymiami.net\/es\/wp-json\/wp\/v2\/pages\/249\/revisions\/1085"}],"wp:attachment":[{"href":"https:\/\/podiatrymiami.net\/es\/wp-json\/wp\/v2\/media?parent=249"}],"curies":[{"name":"wp","href":"https:\/\/api.w.org\/{rel}","templated":true}]}}